{"id":3857,"date":"2022-09-08T16:46:52","date_gmt":"2022-09-08T15:46:52","guid":{"rendered":"https:\/\/www.scealta.de\/ueber-uns\/"},"modified":"2022-09-08T16:46:53","modified_gmt":"2022-09-08T15:46:53","slug":"ueber-uns","status":"publish","type":"page","link":"https:\/\/www.scealta.de\/de\/ueber-uns\/","title":{"rendered":"\u00dcber Uns"},"content":{"rendered":"\t\t<div data-elementor-type=\"wp-page\" data-elementor-id=\"3857\" class=\"elementor elementor-3857 elementor-1066\">\n\t\t\t\t\t\t\t\t\t<section class=\"elementor-section elementor-top-section elementor-element elementor-element-f05e6a1 elementor-section-boxed elementor-section-height-default elementor-section-height-default\" data-id=\"f05e6a1\" data-element_type=\"section\" data-settings=\"{&quot;background_background&quot;:&quot;gradient&quot;,&quot;shape_divider_top&quot;:&quot;curve&quot;,&quot;shape_divider_top_negative&quot;:&quot;yes&quot;,&quot;shape_divider_bottom&quot;:&quot;multi-wave&quot;}\">\n\t\t\t\t\t\t\t<div class=\"elementor-background-overlay\"><\/div>\n\t\t\t\t\t\t<div class=\"elementor-shape elementor-shape-top\" data-negative=\"true\">\n\t\t\t<svg xmlns=\"http:\/\/www.w3.org\/2000\/svg\" viewBox=\"0 0 1000 100\" preserveAspectRatio=\"none\">\n\t<path class=\"elementor-shape-fill\" d=\"M500,97C126.7,96.3,0.8,19.8,0,0v100l1000,0V1C1000,19.4,873.3,97.8,500,97z\"\/>\n<\/svg>\t\t<\/div>\n\t\t\t\t\t<div class=\"elementor-container elementor-column-gap-default\">\n\t\t\t\t\t<div class=\"elementor-column elementor-col-100 elementor-top-column elementor-element elementor-element-facc6a2\" data-id=\"facc6a2\" data-element_type=\"column\">\n\t\t\t<div class=\"elementor-widget-wrap elementor-element-populated\">\n\t\t\t\t\t\t\t\t<div class=\"elementor-element elementor-element-44ca02e elementor-widget elementor-widget-heading\" data-id=\"44ca02e\" data-element_type=\"widget\" data-widget_type=\"heading.default\">\n\t\t\t\t<div class=\"elementor-widget-container\">\n\t\t\t<h2 class=\"elementor-heading-title elementor-size-default\">\u00dcber Sc\u00e9alta<\/h2>\t\t<\/div>\n\t\t\t\t<\/div>\n\t\t\t\t\t<\/div>\n\t\t<\/div>\n\t\t\t\t\t\t\t<\/div>\n\t\t<\/section>\n\t\t\t\t<section class=\"elementor-section elementor-top-section elementor-element elementor-element-b72e57a elementor-section-content-top elementor-section-boxed elementor-section-height-default elementor-section-height-default\" data-id=\"b72e57a\" data-element_type=\"section\" data-settings=\"{&quot;background_background&quot;:&quot;classic&quot;}\">\n\t\t\t\t\t\t\t<div class=\"elementor-background-overlay\"><\/div>\n\t\t\t\t\t\t\t<div class=\"elementor-container elementor-column-gap-no\">\n\t\t\t\t\t<div class=\"elementor-column elementor-col-100 elementor-top-column elementor-element elementor-element-661ed9c\" data-id=\"661ed9c\" data-element_type=\"column\">\n\t\t\t<div class=\"elementor-widget-wrap elementor-element-populated\">\n\t\t\t\t\t\t\t\t<div class=\"elementor-element elementor-element-54ef252 elementor-widget elementor-widget-heading\" data-id=\"54ef252\" data-element_type=\"widget\" data-widget_type=\"heading.default\">\n\t\t\t\t<div class=\"elementor-widget-container\">\n\t\t\t<h2 class=\"elementor-heading-title elementor-size-default\">Die moderne Sc\u00e9alaithe<\/h2>\t\t<\/div>\n\t\t\t\t<\/div>\n\t\t\t\t<div class=\"elementor-element elementor-element-289c05c elementor-widget-divider--separator-type-pattern elementor-widget-divider--view-line elementor-widget elementor-widget-divider\" data-id=\"289c05c\" data-element_type=\"widget\" data-widget_type=\"divider.default\">\n\t\t\t\t<div class=\"elementor-widget-container\">\n\t\t\t\t\t<div class=\"elementor-divider\" style=\"--divider-pattern-url: url(&quot;data:image\/svg+xml,%3Csvg xmlns=&#039;http:\/\/www.w3.org\/2000\/svg&#039; preserveAspectRatio=&#039;none&#039; overflow=&#039;visible&#039; height=&#039;100%&#039; viewBox=&#039;0 0 24 24&#039; fill=&#039;none&#039; stroke=&#039;black&#039; stroke-width=&#039;2&#039; stroke-linecap=&#039;square&#039; stroke-miterlimit=&#039;10&#039;%3E%3Cpath d=&#039;M0,21c3.3,0,8.3-0.9,15.7-7.1c6.6-5.4,4.4-9.3,2.4-10.3c-3.4-1.8-7.7,1.3-7.3,8.8C11.2,20,17.1,21,24,21&#039;\/%3E%3C\/svg%3E&quot;);\">\n\t\t\t<span class=\"elementor-divider-separator\">\n\t\t\t\t\t\t<\/span>\n\t\t<\/div>\n\t\t\t\t<\/div>\n\t\t\t\t<\/div>\n\t\t\t\t<div class=\"elementor-element elementor-element-ad2eef8 elementor-widget elementor-widget-heading\" data-id=\"ad2eef8\" data-element_type=\"widget\" data-widget_type=\"heading.default\">\n\t\t\t\t<div class=\"elementor-widget-container\">\n\t\t\t<h5 class=\"elementor-heading-title elementor-size-default\">Ein g\u00e4lisches Wort mit einer reichen Geschichte.<\/h5>\t\t<\/div>\n\t\t\t\t<\/div>\n\t\t\t\t<div class=\"elementor-element elementor-element-104b17f elementor-widget elementor-widget-text-editor\" data-id=\"104b17f\" data-element_type=\"widget\" data-widget_type=\"text-editor.default\">\n\t\t\t\t<div class=\"elementor-widget-container\">\n\t\t\t\t\t\t\t<p>Schon vor tausenden Jahren wurden irische <strong>Sagen und Geschichten von den <i>sc\u00e9alaithe<\/i><\/strong> \u2013 den Erz\u00e4hlern \u2013 dem Publikum vorgetragen. Diese reisten quer durch Irland und schrieben Erlebtes, Interessantes und Wissenswertes nieder, um sie dem einfachen Volk zu berichten. Auch Jahrhunderte sp\u00e4ter ist das Geschichtenerz\u00e4hlen ein gro\u00dfer Teil der irischen Kultur und wird bis heute gepflegt.<\/p><p>Vier K\u00fcnstler aus unterschiedlichen Teilen Europas \u2013 von den <em><strong>Karpaten bis in die Donegal Bay<\/strong><\/em> \u2013 erz\u00e4hlten ihr bisheriges Leben lang Geschichten durch irische Musik und Tanz. Der Zufall wollte, dass Berlin zum Ort ihres kreativen Schaffens wurde. Hier schn\u00fcrten sie aus ihren unterschiedlichen Erlebnissen ein Band \u2013 <strong>mit <i>Geschichten<\/i> \u00fcber die Heimat<\/strong>, Reisen, Freundschaft und Liebe.<\/p><p>So entstand <strong><i>Sc\u00e9alta<\/i><\/strong>. Ein Konzert im Quartett mit modernen sc\u00e9alaithe (Storytellers) \u2013 Patrizia Sieweck (Fiddle &amp; Gesang), Danny O\u00b4Connor (Gitarre &amp; Gesang), Nicole Ohnesorge (Tanz) und Gyula Glaser (Tanz). <\/p><p>Sc\u00e9alta l\u00e4sst Geschichten zum Leben erwachen mit Hilfe von mitrei\u00dfenden irischen Folksongs und Melodien in moderner Interpretierung und Inszenierung gepaart mit fesselndem irischen Stepptanz.<\/p>\t\t\t\t\t\t<\/div>\n\t\t\t\t<\/div>\n\t\t\t\t\t<\/div>\n\t\t<\/div>\n\t\t\t\t\t\t\t<\/div>\n\t\t<\/section>\n\t\t\t\t<section class=\"elementor-section elementor-top-section elementor-element elementor-element-545012f elementor-section-boxed elementor-section-height-default elementor-section-height-default\" data-id=\"545012f\" data-element_type=\"section\" data-settings=\"{&quot;background_background&quot;:&quot;classic&quot;}\">\n\t\t\t\t\t\t<div class=\"elementor-container elementor-column-gap-default\">\n\t\t\t\t\t\t\t\t<\/div>\n\t\t<\/section>\n\t\t\t\t<section class=\"elementor-section elementor-top-section elementor-element elementor-element-5e56047 elementor-section-full_width elementor-section-height-default elementor-section-height-default\" data-id=\"5e56047\" data-element_type=\"section\" data-settings=\"{&quot;background_background&quot;:&quot;classic&quot;}\">\n\t\t\t\t\t\t<div class=\"elementor-container elementor-column-gap-default\">\n\t\t\t\t\t<div class=\"elementor-column elementor-col-100 elementor-top-column elementor-element elementor-element-f6d1f61\" data-id=\"f6d1f61\" data-element_type=\"column\">\n\t\t\t<div class=\"elementor-widget-wrap elementor-element-populated\">\n\t\t\t\t\t\t\t\t<div class=\"elementor-element elementor-element-58e1c34 elementor-arrows-position-inside elementor-widget elementor-widget-image-carousel\" data-id=\"58e1c34\" data-element_type=\"widget\" data-settings=\"{&quot;slides_to_show&quot;:&quot;3&quot;,&quot;slides_to_scroll&quot;:&quot;3&quot;,&quot;navigation&quot;:&quot;arrows&quot;,&quot;speed&quot;:1000,&quot;autoplay&quot;:&quot;yes&quot;,&quot;pause_on_hover&quot;:&quot;yes&quot;,&quot;pause_on_interaction&quot;:&quot;yes&quot;,&quot;autoplay_speed&quot;:5000,&quot;infinite&quot;:&quot;yes&quot;}\" data-widget_type=\"image-carousel.default\">\n\t\t\t\t<div class=\"elementor-widget-container\">\n\t\t\t\t\t<div class=\"elementor-image-carousel-wrapper swiper-container\" dir=\"ltr\">\n\t\t\t<div class=\"elementor-image-carousel swiper-wrapper swiper-image-stretch\" aria-live=\"off\">\n\t\t\t\t\t\t\t\t<div class=\"swiper-slide\" role=\"group\" aria-roledescription=\"slide\" aria-label=\"1 of 10\"><a data-elementor-open-lightbox=\"yes\" data-elementor-lightbox-slideshow=\"58e1c34\" data-elementor-lightbox-title=\"scealta_banner_hero4\" data-e-action-hash=\"#elementor-action%3Aaction%3Dlightbox%26settings%3DeyJpZCI6MzI1NiwidXJsIjoiaHR0cHM6XC9cL3d3dy5zY2VhbHRhLmRlXC93cC1jb250ZW50XC91cGxvYWRzXC8yMDIxXC8xMVwvc2NlYWx0YV9iYW5uZXJfaGVybzQuanBnIiwic2xpZGVzaG93IjoiNThlMWMzNCJ9\" href=\"https:\/\/www.scealta.de\/wp-content\/uploads\/2021\/11\/scealta_banner_hero4.jpg\"><figure class=\"swiper-slide-inner\"><img decoding=\"async\" class=\"swiper-slide-image\" src=\"https:\/\/www.scealta.de\/wp-content\/uploads\/2021\/11\/scealta_banner_hero4-768x512.jpg\" alt=\"scealta_banner_hero4\" \/><\/figure><\/a><\/div><div class=\"swiper-slide\" role=\"group\" aria-roledescription=\"slide\" aria-label=\"2 of 10\"><a data-elementor-open-lightbox=\"yes\" data-elementor-lightbox-slideshow=\"58e1c34\" data-elementor-lightbox-title=\"scealta_banner_hero3\" data-e-action-hash=\"#elementor-action%3Aaction%3Dlightbox%26settings%3DeyJpZCI6MzI1MSwidXJsIjoiaHR0cHM6XC9cL3d3dy5zY2VhbHRhLmRlXC93cC1jb250ZW50XC91cGxvYWRzXC8yMDIxXC8xMVwvc2NlYWx0YV9iYW5uZXJfaGVybzMuanBnIiwic2xpZGVzaG93IjoiNThlMWMzNCJ9\" href=\"https:\/\/www.scealta.de\/wp-content\/uploads\/2021\/11\/scealta_banner_hero3.jpg\"><figure class=\"swiper-slide-inner\"><img decoding=\"async\" class=\"swiper-slide-image\" src=\"https:\/\/www.scealta.de\/wp-content\/uploads\/2021\/11\/scealta_banner_hero3-768x512.jpg\" alt=\"scealta_banner_hero3\" \/><\/figure><\/a><\/div><div class=\"swiper-slide\" role=\"group\" aria-roledescription=\"slide\" aria-label=\"3 of 10\"><a data-elementor-open-lightbox=\"yes\" data-elementor-lightbox-slideshow=\"58e1c34\" data-elementor-lightbox-title=\"scealta_banner_hero2\" data-e-action-hash=\"#elementor-action%3Aaction%3Dlightbox%26settings%3DeyJpZCI6MzIzOSwidXJsIjoiaHR0cHM6XC9cL3d3dy5zY2VhbHRhLmRlXC93cC1jb250ZW50XC91cGxvYWRzXC8yMDIxXC8xMVwvc2NlYWx0YV9iYW5uZXJfaGVybzIuanBnIiwic2xpZGVzaG93IjoiNThlMWMzNCJ9\" href=\"https:\/\/www.scealta.de\/wp-content\/uploads\/2021\/11\/scealta_banner_hero2.jpg\"><figure class=\"swiper-slide-inner\"><img decoding=\"async\" class=\"swiper-slide-image\" src=\"https:\/\/www.scealta.de\/wp-content\/uploads\/2021\/11\/scealta_banner_hero2-768x512.jpg\" alt=\"scealta_banner_hero2\" \/><\/figure><\/a><\/div><div class=\"swiper-slide\" role=\"group\" aria-roledescription=\"slide\" aria-label=\"4 of 10\"><a data-elementor-open-lightbox=\"yes\" data-elementor-lightbox-slideshow=\"58e1c34\" data-elementor-lightbox-title=\"video_3_thumbnail\" data-e-action-hash=\"#elementor-action%3Aaction%3Dlightbox%26settings%3DeyJpZCI6MzE1NiwidXJsIjoiaHR0cHM6XC9cL3d3dy5zY2VhbHRhLmRlXC93cC1jb250ZW50XC91cGxvYWRzXC8yMDIxXC8xMVwvdmlkZW9fM190aHVtYm5haWwuanBnIiwic2xpZGVzaG93IjoiNThlMWMzNCJ9\" href=\"https:\/\/www.scealta.de\/wp-content\/uploads\/2021\/11\/video_3_thumbnail.jpg\"><figure class=\"swiper-slide-inner\"><img decoding=\"async\" class=\"swiper-slide-image\" src=\"https:\/\/www.scealta.de\/wp-content\/uploads\/2021\/11\/video_3_thumbnail-768x512.jpg\" alt=\"video_3_thumbnail\" \/><\/figure><\/a><\/div><div class=\"swiper-slide\" role=\"group\" aria-roledescription=\"slide\" aria-label=\"5 of 10\"><a data-elementor-open-lightbox=\"yes\" data-elementor-lightbox-slideshow=\"58e1c34\" data-elementor-lightbox-title=\"scealta_promo_ufa_website5\" data-e-action-hash=\"#elementor-action%3Aaction%3Dlightbox%26settings%3DeyJpZCI6MjQ0MiwidXJsIjoiaHR0cHM6XC9cL3d3dy5zY2VhbHRhLmRlXC93cC1jb250ZW50XC91cGxvYWRzXC8yMDIxXC8wN1wvc2NlYWx0YV9wcm9tb191ZmFfd2Vic2l0ZTUuanBnIiwic2xpZGVzaG93IjoiNThlMWMzNCJ9\" href=\"https:\/\/www.scealta.de\/wp-content\/uploads\/2021\/07\/scealta_promo_ufa_website5.jpg\"><figure class=\"swiper-slide-inner\"><img decoding=\"async\" class=\"swiper-slide-image\" src=\"https:\/\/www.scealta.de\/wp-content\/uploads\/2021\/07\/scealta_promo_ufa_website5-768x512.jpg\" alt=\"scealta_promo_ufa_website5\" \/><\/figure><\/a><\/div><div class=\"swiper-slide\" role=\"group\" aria-roledescription=\"slide\" aria-label=\"6 of 10\"><a data-elementor-open-lightbox=\"yes\" data-elementor-lightbox-slideshow=\"58e1c34\" data-elementor-lightbox-title=\"scealta_promo_ufa_website\" data-e-action-hash=\"#elementor-action%3Aaction%3Dlightbox%26settings%3DeyJpZCI6MjQ0NCwidXJsIjoiaHR0cHM6XC9cL3d3dy5zY2VhbHRhLmRlXC93cC1jb250ZW50XC91cGxvYWRzXC8yMDIxXC8wN1wvc2NlYWx0YV9wcm9tb191ZmFfd2Vic2l0ZS5qcGciLCJzbGlkZXNob3ciOiI1OGUxYzM0In0%3D\" href=\"https:\/\/www.scealta.de\/wp-content\/uploads\/2021\/07\/scealta_promo_ufa_website.jpg\"><figure class=\"swiper-slide-inner\"><img decoding=\"async\" class=\"swiper-slide-image\" src=\"https:\/\/www.scealta.de\/wp-content\/uploads\/2021\/07\/scealta_promo_ufa_website-768x512.jpg\" alt=\"scealta_promo_ufa_website\" \/><\/figure><\/a><\/div><div class=\"swiper-slide\" role=\"group\" aria-roledescription=\"slide\" aria-label=\"7 of 10\"><a data-elementor-open-lightbox=\"yes\" data-elementor-lightbox-slideshow=\"58e1c34\" data-elementor-lightbox-title=\"scealta_promo_ufa_website3\" data-e-action-hash=\"#elementor-action%3Aaction%3Dlightbox%26settings%3DeyJpZCI6MjQ0NiwidXJsIjoiaHR0cHM6XC9cL3d3dy5zY2VhbHRhLmRlXC93cC1jb250ZW50XC91cGxvYWRzXC8yMDIxXC8wN1wvc2NlYWx0YV9wcm9tb191ZmFfd2Vic2l0ZTMuanBnIiwic2xpZGVzaG93IjoiNThlMWMzNCJ9\" href=\"https:\/\/www.scealta.de\/wp-content\/uploads\/2021\/07\/scealta_promo_ufa_website3.jpg\"><figure class=\"swiper-slide-inner\"><img decoding=\"async\" class=\"swiper-slide-image\" src=\"https:\/\/www.scealta.de\/wp-content\/uploads\/2021\/07\/scealta_promo_ufa_website3-768x512.jpg\" alt=\"scealta_promo_ufa_website3\" \/><\/figure><\/a><\/div><div class=\"swiper-slide\" role=\"group\" aria-roledescription=\"slide\" aria-label=\"8 of 10\"><a data-elementor-open-lightbox=\"yes\" data-elementor-lightbox-slideshow=\"58e1c34\" data-elementor-lightbox-title=\"scealta_promo_ufa_website4\" data-e-action-hash=\"#elementor-action%3Aaction%3Dlightbox%26settings%3DeyJpZCI6MjQ0OCwidXJsIjoiaHR0cHM6XC9cL3d3dy5zY2VhbHRhLmRlXC93cC1jb250ZW50XC91cGxvYWRzXC8yMDIxXC8wN1wvc2NlYWx0YV9wcm9tb191ZmFfd2Vic2l0ZTQuanBnIiwic2xpZGVzaG93IjoiNThlMWMzNCJ9\" href=\"https:\/\/www.scealta.de\/wp-content\/uploads\/2021\/07\/scealta_promo_ufa_website4.jpg\"><figure class=\"swiper-slide-inner\"><img decoding=\"async\" class=\"swiper-slide-image\" src=\"https:\/\/www.scealta.de\/wp-content\/uploads\/2021\/07\/scealta_promo_ufa_website4-768x512.jpg\" alt=\"scealta_promo_ufa_website4\" \/><\/figure><\/a><\/div><div class=\"swiper-slide\" role=\"group\" aria-roledescription=\"slide\" aria-label=\"9 of 10\"><a data-elementor-open-lightbox=\"yes\" data-elementor-lightbox-slideshow=\"58e1c34\" data-elementor-lightbox-title=\"scealta_promo_ufa_website6\" data-e-action-hash=\"#elementor-action%3Aaction%3Dlightbox%26settings%3DeyJpZCI6MjQ1MCwidXJsIjoiaHR0cHM6XC9cL3d3dy5zY2VhbHRhLmRlXC93cC1jb250ZW50XC91cGxvYWRzXC8yMDIxXC8wN1wvc2NlYWx0YV9wcm9tb191ZmFfd2Vic2l0ZTYuanBnIiwic2xpZGVzaG93IjoiNThlMWMzNCJ9\" href=\"https:\/\/www.scealta.de\/wp-content\/uploads\/2021\/07\/scealta_promo_ufa_website6.jpg\"><figure class=\"swiper-slide-inner\"><img decoding=\"async\" class=\"swiper-slide-image\" src=\"https:\/\/www.scealta.de\/wp-content\/uploads\/2021\/07\/scealta_promo_ufa_website6-768x512.jpg\" alt=\"scealta_promo_ufa_website6\" \/><\/figure><\/a><\/div><div class=\"swiper-slide\" role=\"group\" aria-roledescription=\"slide\" aria-label=\"10 of 10\"><a data-elementor-open-lightbox=\"yes\" data-elementor-lightbox-slideshow=\"58e1c34\" data-elementor-lightbox-title=\"scealta_promo_ufa_website2\" data-e-action-hash=\"#elementor-action%3Aaction%3Dlightbox%26settings%3DeyJpZCI6MjQ1MiwidXJsIjoiaHR0cHM6XC9cL3d3dy5zY2VhbHRhLmRlXC93cC1jb250ZW50XC91cGxvYWRzXC8yMDIxXC8wN1wvc2NlYWx0YV9wcm9tb191ZmFfd2Vic2l0ZTIuanBnIiwic2xpZGVzaG93IjoiNThlMWMzNCJ9\" href=\"https:\/\/www.scealta.de\/wp-content\/uploads\/2021\/07\/scealta_promo_ufa_website2.jpg\"><figure class=\"swiper-slide-inner\"><img decoding=\"async\" class=\"swiper-slide-image\" src=\"https:\/\/www.scealta.de\/wp-content\/uploads\/2021\/07\/scealta_promo_ufa_website2-768x512.jpg\" alt=\"scealta_promo_ufa_website2\" \/><\/figure><\/a><\/div>\t\t\t<\/div>\n\t\t\t\t\t\t\t\t\t\t\t\t<div class=\"elementor-swiper-button elementor-swiper-button-prev\" role=\"button\" tabindex=\"0\">\n\t\t\t\t\t\t<i aria-hidden=\"true\" class=\"eicon-chevron-left\"><\/i>\t\t\t\t\t<\/div>\n\t\t\t\t\t<div class=\"elementor-swiper-button elementor-swiper-button-next\" role=\"button\" tabindex=\"0\">\n\t\t\t\t\t\t<i aria-hidden=\"true\" class=\"eicon-chevron-right\"><\/i>\t\t\t\t\t<\/div>\n\t\t\t\t\n\t\t\t\t\t\t\t\t\t<\/div>\n\t\t\t\t<\/div>\n\t\t\t\t<\/div>\n\t\t\t\t\t<\/div>\n\t\t<\/div>\n\t\t\t\t\t\t\t<\/div>\n\t\t<\/section>\n\t\t\t\t\t\t\t<\/div>\n\t\t","protected":false},"excerpt":{"rendered":"<p>\u00dcber Sc\u00e9alta Die moderne Sc\u00e9alaithe Ein g\u00e4lisches Wort mit einer reichen Geschichte. Schon vor tausenden Jahren wurden irische Sagen und Geschichten von den sc\u00e9alaithe \u2013 den Erz\u00e4hlern \u2013 dem Publikum vorgetragen. Diese reisten quer durch Irland und schrieben Erlebtes, Interessantes und Wissenswertes nieder, um sie dem einfachen Volk zu berichten. Auch Jahrhunderte sp\u00e4ter ist das &hellip;<\/p>\n<p class=\"read-more\"> <a class=\"\" href=\"https:\/\/www.scealta.de\/de\/ueber-uns\/\"> <span class=\"screen-reader-text\">\u00dcber Uns<\/span> Weiterlesen &raquo;<\/a><\/p>\n","protected":false},"author":1,"featured_media":0,"parent":0,"menu_order":0,"comment_status":"closed","ping_status":"closed","template":"","meta":{"inline_featured_image":false,"site-sidebar-layout":"no-sidebar","site-content-layout":"page-builder","ast-global-header-display":"","ast-banner-title-visibility":"","ast-main-header-display":"","ast-hfb-above-header-display":"","ast-hfb-below-header-display":"","ast-hfb-mobile-header-display":"","site-post-title":"disabled","ast-breadcrumbs-content":"","ast-featured-img":"disabled","footer-sml-layout":"","theme-transparent-header-meta":"default","adv-header-id-meta":"","stick-header-meta":"default","header-above-stick-meta":"","header-main-stick-meta":"","header-below-stick-meta":""},"yoast_head":"<!-- This site is optimized with the Yoast SEO plugin v20.11 - https:\/\/yoast.com\/wordpress\/plugins\/seo\/ -->\n<title>\u00dcber Uns &raquo; Sc\u00e9alta<\/title>\n<meta name=\"robots\" content=\"index, follow, max-snippet:-1, max-image-preview:large, max-video-preview:-1\" \/>\n<link rel=\"canonical\" href=\"https:\/\/www.scealta.de\/about-scealta\/\" \/>\n<meta property=\"og:locale\" content=\"de_DE\" \/>\n<meta property=\"og:type\" content=\"article\" \/>\n<meta property=\"og:title\" content=\"\u00dcber Uns &raquo; Sc\u00e9alta\" \/>\n<meta property=\"og:description\" content=\"\u00dcber Sc\u00e9alta Die moderne Sc\u00e9alaithe Ein g\u00e4lisches Wort mit einer reichen Geschichte. Schon vor tausenden Jahren wurden irische Sagen und Geschichten von den sc\u00e9alaithe \u2013 den Erz\u00e4hlern \u2013 dem Publikum vorgetragen. Diese reisten quer durch Irland und schrieben Erlebtes, Interessantes und Wissenswertes nieder, um sie dem einfachen Volk zu berichten. Auch Jahrhunderte sp\u00e4ter ist das &hellip; \u00dcber Uns Weiterlesen &raquo;\" \/>\n<meta property=\"og:url\" content=\"https:\/\/www.scealta.de\/about-scealta\/\" \/>\n<meta property=\"og:site_name\" content=\"Sc\u00e9alta\" \/>\n<meta property=\"article:modified_time\" content=\"2022-09-08T15:46:53+00:00\" \/>\n<meta property=\"og:image\" content=\"https:\/\/www.scealta.de\/wp-content\/uploads\/2021\/11\/scealta_banner_hero4-768x512.jpg\" \/>\n<meta name=\"twitter:card\" content=\"summary_large_image\" \/>\n<meta name=\"twitter:label1\" content=\"Gesch\u00e4tzte Lesezeit\" \/>\n\t<meta name=\"twitter:data1\" content=\"1\u00a0Minute\" \/>\n<script type=\"application\/ld+json\" class=\"yoast-schema-graph\">{\"@context\":\"https:\/\/schema.org\",\"@graph\":[{\"@type\":\"WebPage\",\"@id\":\"https:\/\/www.scealta.de\/about-scealta\/\",\"url\":\"https:\/\/www.scealta.de\/about-scealta\/\",\"name\":\"\u00dcber Uns &raquo; Sc\u00e9alta\",\"isPartOf\":{\"@id\":\"https:\/\/www.scealta.de\/#website\"},\"datePublished\":\"2022-09-08T15:46:52+00:00\",\"dateModified\":\"2022-09-08T15:46:53+00:00\",\"breadcrumb\":{\"@id\":\"https:\/\/www.scealta.de\/about-scealta\/#breadcrumb\"},\"inLanguage\":\"de\",\"potentialAction\":[{\"@type\":\"ReadAction\",\"target\":[\"https:\/\/www.scealta.de\/about-scealta\/\"]}]},{\"@type\":\"BreadcrumbList\",\"@id\":\"https:\/\/www.scealta.de\/about-scealta\/#breadcrumb\",\"itemListElement\":[{\"@type\":\"ListItem\",\"position\":1,\"name\":\"Home\",\"item\":\"https:\/\/www.scealta.de\/\"},{\"@type\":\"ListItem\",\"position\":2,\"name\":\"\u00dcber Uns\"}]},{\"@type\":\"WebSite\",\"@id\":\"https:\/\/www.scealta.de\/#website\",\"url\":\"https:\/\/www.scealta.de\/\",\"name\":\"Sc\u00e9alta\",\"description\":\"Irland, Musik, Tanz, Geschichten\",\"publisher\":{\"@id\":\"https:\/\/www.scealta.de\/#organization\"},\"potentialAction\":[{\"@type\":\"SearchAction\",\"target\":{\"@type\":\"EntryPoint\",\"urlTemplate\":\"https:\/\/www.scealta.de\/?s={search_term_string}\"},\"query-input\":\"required name=search_term_string\"}],\"inLanguage\":\"de\"},{\"@type\":\"Organization\",\"@id\":\"https:\/\/www.scealta.de\/#organization\",\"name\":\"Sc\u00e9alta\",\"url\":\"https:\/\/www.scealta.de\/\",\"logo\":{\"@type\":\"ImageObject\",\"inLanguage\":\"de\",\"@id\":\"https:\/\/www.scealta.de\/#\/schema\/logo\/image\/\",\"url\":\"https:\/\/www.scealta.de\/wp-content\/uploads\/2021\/08\/scealta_logo.svg\",\"contentUrl\":\"https:\/\/www.scealta.de\/wp-content\/uploads\/2021\/08\/scealta_logo.svg\",\"width\":1,\"height\":1,\"caption\":\"Sc\u00e9alta\"},\"image\":{\"@id\":\"https:\/\/www.scealta.de\/#\/schema\/logo\/image\/\"}}]}<\/script>\n<!-- \/ Yoast SEO plugin. -->","yoast_head_json":{"title":"\u00dcber Uns &raquo; Sc\u00e9alta","robots":{"index":"index","follow":"follow","max-snippet":"max-snippet:-1","max-image-preview":"max-image-preview:large","max-video-preview":"max-video-preview:-1"},"canonical":"https:\/\/www.scealta.de\/about-scealta\/","og_locale":"de_DE","og_type":"article","og_title":"\u00dcber Uns &raquo; Sc\u00e9alta","og_description":"\u00dcber Sc\u00e9alta Die moderne Sc\u00e9alaithe Ein g\u00e4lisches Wort mit einer reichen Geschichte. Schon vor tausenden Jahren wurden irische Sagen und Geschichten von den sc\u00e9alaithe \u2013 den Erz\u00e4hlern \u2013 dem Publikum vorgetragen. Diese reisten quer durch Irland und schrieben Erlebtes, Interessantes und Wissenswertes nieder, um sie dem einfachen Volk zu berichten. Auch Jahrhunderte sp\u00e4ter ist das &hellip; \u00dcber Uns Weiterlesen &raquo;","og_url":"https:\/\/www.scealta.de\/about-scealta\/","og_site_name":"Sc\u00e9alta","article_modified_time":"2022-09-08T15:46:53+00:00","og_image":[{"url":"https:\/\/www.scealta.de\/wp-content\/uploads\/2021\/11\/scealta_banner_hero4-768x512.jpg"}],"twitter_card":"summary_large_image","twitter_misc":{"Gesch\u00e4tzte Lesezeit":"1\u00a0Minute"},"schema":{"@context":"https:\/\/schema.org","@graph":[{"@type":"WebPage","@id":"https:\/\/www.scealta.de\/about-scealta\/","url":"https:\/\/www.scealta.de\/about-scealta\/","name":"\u00dcber Uns &raquo; Sc\u00e9alta","isPartOf":{"@id":"https:\/\/www.scealta.de\/#website"},"datePublished":"2022-09-08T15:46:52+00:00","dateModified":"2022-09-08T15:46:53+00:00","breadcrumb":{"@id":"https:\/\/www.scealta.de\/about-scealta\/#breadcrumb"},"inLanguage":"de","potentialAction":[{"@type":"ReadAction","target":["https:\/\/www.scealta.de\/about-scealta\/"]}]},{"@type":"BreadcrumbList","@id":"https:\/\/www.scealta.de\/about-scealta\/#breadcrumb","itemListElement":[{"@type":"ListItem","position":1,"name":"Home","item":"https:\/\/www.scealta.de\/"},{"@type":"ListItem","position":2,"name":"\u00dcber Uns"}]},{"@type":"WebSite","@id":"https:\/\/www.scealta.de\/#website","url":"https:\/\/www.scealta.de\/","name":"Sc\u00e9alta","description":"Irland, Musik, Tanz, Geschichten","publisher":{"@id":"https:\/\/www.scealta.de\/#organization"},"potentialAction":[{"@type":"SearchAction","target":{"@type":"EntryPoint","urlTemplate":"https:\/\/www.scealta.de\/?s={search_term_string}"},"query-input":"required name=search_term_string"}],"inLanguage":"de"},{"@type":"Organization","@id":"https:\/\/www.scealta.de\/#organization","name":"Sc\u00e9alta","url":"https:\/\/www.scealta.de\/","logo":{"@type":"ImageObject","inLanguage":"de","@id":"https:\/\/www.scealta.de\/#\/schema\/logo\/image\/","url":"https:\/\/www.scealta.de\/wp-content\/uploads\/2021\/08\/scealta_logo.svg","contentUrl":"https:\/\/www.scealta.de\/wp-content\/uploads\/2021\/08\/scealta_logo.svg","width":1,"height":1,"caption":"Sc\u00e9alta"},"image":{"@id":"https:\/\/www.scealta.de\/#\/schema\/logo\/image\/"}}]}},"_links":{"self":[{"href":"https:\/\/www.scealta.de\/de\/wp-json\/wp\/v2\/pages\/3857"}],"collection":[{"href":"https:\/\/www.scealta.de\/de\/wp-json\/wp\/v2\/pages"}],"about":[{"href":"https:\/\/www.scealta.de\/de\/wp-json\/wp\/v2\/types\/page"}],"author":[{"embeddable":true,"href":"https:\/\/www.scealta.de\/de\/wp-json\/wp\/v2\/users\/1"}],"replies":[{"embeddable":true,"href":"https:\/\/www.scealta.de\/de\/wp-json\/wp\/v2\/comments?post=3857"}],"version-history":[{"count":1,"href":"https:\/\/www.scealta.de\/de\/wp-json\/wp\/v2\/pages\/3857\/revisions"}],"predecessor-version":[{"id":3858,"href":"https:\/\/www.scealta.de\/de\/wp-json\/wp\/v2\/pages\/3857\/revisions\/3858"}],"wp:attachment":[{"href":"https:\/\/www.scealta.de\/de\/wp-json\/wp\/v2\/media?parent=3857"}],"curies":[{"name":"wp","href":"https:\/\/api.w.org\/{rel}","templated":true}]}}