{"id":2514,"date":"2021-08-05T11:51:23","date_gmt":"2021-08-05T10:51:23","guid":{"rendered":"https:\/\/scealta.de\/impressum\/"},"modified":"2021-08-11T10:18:18","modified_gmt":"2021-08-11T09:18:18","slug":"impressum","status":"publish","type":"page","link":"https:\/\/www.scealta.de\/de\/impressum\/","title":{"rendered":"Impressum"},"content":{"rendered":"\t\t<div data-elementor-type=\"wp-page\" data-elementor-id=\"2514\" class=\"elementor elementor-2514 elementor-1884\">\n\t\t\t\t\t\t\t\t\t<section class=\"elementor-section elementor-top-section elementor-element elementor-element-edf8e22 elementor-section-boxed elementor-section-height-default elementor-section-height-default\" data-id=\"edf8e22\" data-element_type=\"section\" data-settings=\"{&quot;background_background&quot;:&quot;gradient&quot;,&quot;shape_divider_top&quot;:&quot;curve&quot;,&quot;shape_divider_top_negative&quot;:&quot;yes&quot;,&quot;shape_divider_bottom&quot;:&quot;multi-wave&quot;}\">\n\t\t\t\t\t\t\t<div class=\"elementor-background-overlay\"><\/div>\n\t\t\t\t\t\t<div class=\"elementor-shape elementor-shape-top\" data-negative=\"true\">\n\t\t\t<svg xmlns=\"http:\/\/www.w3.org\/2000\/svg\" viewBox=\"0 0 1000 100\" preserveAspectRatio=\"none\">\n\t<path class=\"elementor-shape-fill\" d=\"M500,97C126.7,96.3,0.8,19.8,0,0v100l1000,0V1C1000,19.4,873.3,97.8,500,97z\"\/>\n<\/svg>\t\t<\/div>\n\t\t\t\t\t<div class=\"elementor-container elementor-column-gap-default\">\n\t\t\t\t\t<div class=\"elementor-column elementor-col-100 elementor-top-column elementor-element elementor-element-94a797e\" data-id=\"94a797e\" data-element_type=\"column\">\n\t\t\t<div class=\"elementor-widget-wrap elementor-element-populated\">\n\t\t\t\t\t\t\t\t<div class=\"elementor-element elementor-element-ba38247 elementor-widget elementor-widget-heading\" data-id=\"ba38247\" data-element_type=\"widget\" data-widget_type=\"heading.default\">\n\t\t\t\t<div class=\"elementor-widget-container\">\n\t\t\t<h2 class=\"elementor-heading-title elementor-size-default\">Impressum<\/h2>\t\t<\/div>\n\t\t\t\t<\/div>\n\t\t\t\t\t<\/div>\n\t\t<\/div>\n\t\t\t\t\t\t\t<\/div>\n\t\t<\/section>\n\t\t\t\t<section class=\"elementor-section elementor-top-section elementor-element elementor-element-545012f elementor-section-boxed elementor-section-height-default elementor-section-height-default\" data-id=\"545012f\" data-element_type=\"section\" data-settings=\"{&quot;background_background&quot;:&quot;classic&quot;}\">\n\t\t\t\t\t\t<div class=\"elementor-container elementor-column-gap-default\">\n\t\t\t\t\t\t\t\t<\/div>\n\t\t<\/section>\n\t\t\t\t<section class=\"elementor-section elementor-top-section elementor-element elementor-element-m0wlfmx elementor-section-boxed elementor-section-height-default elementor-section-height-default\" data-id=\"m0wlfmx\" data-element_type=\"section\" data-settings=\"{&quot;background_background&quot;:&quot;classic&quot;}\">\n\t\t\t\t\t\t<div class=\"elementor-container elementor-column-gap-default\">\n\t\t\t\t\t<div class=\"elementor-column elementor-col-100 elementor-top-column elementor-element elementor-element-1dfb88a\" data-id=\"1dfb88a\" data-element_type=\"column\">\n\t\t\t<div class=\"elementor-widget-wrap elementor-element-populated\">\n\t\t\t\t\t\t\t\t<section class=\"elementor-section elementor-inner-section elementor-element elementor-element-8672813 elementor-section-boxed elementor-section-height-default elementor-section-height-default\" data-id=\"8672813\" data-element_type=\"section\">\n\t\t\t\t\t\t<div class=\"elementor-container elementor-column-gap-default\">\n\t\t\t\t\t<div class=\"elementor-column elementor-col-100 elementor-inner-column elementor-element elementor-element-21ad806\" data-id=\"21ad806\" data-element_type=\"column\" data-settings=\"{&quot;background_background&quot;:&quot;classic&quot;}\">\n\t\t\t<div class=\"elementor-widget-wrap elementor-element-populated\">\n\t\t\t\t\t<div class=\"elementor-background-overlay\"><\/div>\n\t\t\t\t\t\t\t\t<div class=\"elementor-element elementor-element-db5eb96 elementor-widget elementor-widget-text-editor\" data-id=\"db5eb96\" data-element_type=\"widget\" data-widget_type=\"text-editor.default\">\n\t\t\t\t<div class=\"elementor-widget-container\">\n\t\t\t\t\t\t\t<h4><strong>Anbieter und inhaltlich verantwortlich:<\/strong><\/h4>\n<p>Daniel O\u2019Connor<br \/>\nZwieseler Stra\u00dfe 40B, 10318, Berlin<br \/>\nE-Mail: <a href=\"mailto:info@scealta.de\">info(at)scealta.de<\/a><br \/>\nWeb: <a href=\"http:\/\/www.scealta.de\">www.scealta.de<\/a><br \/>\nSteuer Nr: 14\/253\/00666<br \/>\nUSt.-IdNr: DE290495524<\/p>\n<h4><strong>Layout &amp; Technical Implementation:<\/strong><\/h4>\n<p>Web Design: <span class=\"ILfuVd\"><span class=\"hgKElc\"><b>\u00a9<\/b><\/span><\/span> <a href=\"mailto:danieloconnor@ymail.com\">Daniel O&#8217;Connor<\/a><br \/>\nIllustration: <span class=\"ILfuVd\"><span class=\"hgKElc\"><b>\u00a9<\/b><\/span><\/span> <a href=\"mailto: info@atolonia.com\">Antonio Jos\u00e9 Ord\u00f3\u00f1ez Cambra<\/a><br \/>\nBilder: <span class=\"ILfuVd\"><span class=\"hgKElc\"><b>\u00a9<\/b><\/span><\/span> Erwin Ramm<\/p>\n<h4><strong>Haftung:<\/strong><\/h4>\n<p>Externe Links: Die Inhalte externer Links wurden vor dem Einbinden auf www.scealta.de einmal gepr\u00fcft, k\u00f6nnen jedoch aus organisatorischen Gr\u00fcnden nicht st\u00e4ndig \u00fcberwacht werden. Die Inhalte der gelinkten Seiten unterliegen ausschlie\u00dflich der Haftung der jeweiligen Anbieter.<\/p>\n<h4><strong>Inhalte:<\/strong><\/h4>\n<p>Die Inhalte dieser Website werden mit gr\u00f6\u00dftm\u00f6glicher Sorgfalt recherchiert. Gleichwohl \u00fcbernimmt der Anbieter keine Haftung f\u00fcr die Richtigkeit, Vollst\u00e4ndigkeit und Aktualit\u00e4t der bereitgestellten Informationen. Gekennzeichnete Beitr\u00e4ge geben die Meinung des jeweiligen Autors wieder und stimmen nicht zwangsl\u00e4ufig mit der Auffassung der Redaktion \u00fcberein.<\/p>\n<h4><strong>Verwendung:<\/strong><\/h4>\n<p>Die Verwendung s\u00e4mtlicher Inhalte von www.scealta.de und Unterseiten (Grafiken, Fotos, Mediendateien, Termine, Informationen, Textbeitr\u00e4ge \u2013 auch auszugsweise) ist nur f\u00fcr private, nicht \u00f6ffentliche und unkommerzielle Zwecke gestattet. Jede weitere Nutzung bedarf der ausdr\u00fccklichen Zustimmung der Redaktion bzw. des jeweiligen Rechteinhabers.<\/p>\n<h4><strong>Einsendungen:<\/strong><\/h4>\n<p>F\u00fcr unverlangt eingesandte Manuskripte, Fotos, Grafiken o.\u00e4. \u00fcbernimmt der Anbieter keinerlei Haftung oder Garantie. Die R\u00fccksendung ist ausgeschlossen, wenn sie nicht VOR dem Einsenden ausdr\u00fccklich vereinbart wurde. Vereinbarte Retouren k\u00f6nnen nur gegen Erstattung der damit einhergehenden Kosten erfolgen. Einsender von eigenen Fotos, Berichten, Grafiken etc. erteilen mit dem Abschicken automatisch die Genehmigung zur kostenfreien Ver\u00f6ffentlichung des Materials. Die Wahl der daf\u00fcr geeigneten Unterseite der Homepage obliegt dem Anbieter. Ein Recht auf Ver\u00f6ffentlichung unverlangt eingesandten Materials besteht nicht.<\/p>\n<h4><strong>Kommunikation \u00fcber E-Mail: <\/strong><\/h4>\n<p>Kommunikation via E-Mail kann Sicherheitsl\u00fccken aufweisen. Beispielsweise k\u00f6nnen E-Mails auf ihrem Weg zu uns von versierten Internet-Nutzern aufgehalten und eingesehen werden. Sollten wir eine E-Mail von Ihnen erhalten, so gehen wir davon aus, dass wir zu einer Beantwortung per E-Mail berechtigt sind, wenn Sie nicht ausdr\u00fccklich auf eine andere Art der Kommunikation verweisen.<\/p>\n\t\t\t\t\t\t<\/div>\n\t\t\t\t<\/div>\n\t\t\t\t\t<\/div>\n\t\t<\/div>\n\t\t\t\t\t\t\t<\/div>\n\t\t<\/section>\n\t\t\t\t\t<\/div>\n\t\t<\/div>\n\t\t\t\t\t\t\t<\/div>\n\t\t<\/section>\n\t\t\t\t\t\t\t<\/div>\n\t\t","protected":false},"excerpt":{"rendered":"<p>Impressum Anbieter und inhaltlich verantwortlich: Daniel O\u2019Connor Zwieseler Stra\u00dfe 40B, 10318, Berlin E-Mail: info(at)scealta.de Web: www.scealta.de Steuer Nr: 14\/253\/00666 USt.-IdNr: DE290495524 Layout &amp; Technical Implementation: Web Design: \u00a9 Daniel O&#8217;Connor Illustration: \u00a9 Antonio Jos\u00e9 Ord\u00f3\u00f1ez Cambra Bilder: \u00a9 Erwin Ramm Haftung: Externe Links: Die Inhalte externer Links wurden vor dem Einbinden auf www.scealta.de einmal gepr\u00fcft, &hellip;<\/p>\n<p class=\"read-more\"> <a class=\"\" href=\"https:\/\/www.scealta.de\/de\/impressum\/\"> <span class=\"screen-reader-text\">Impressum<\/span> Weiterlesen &raquo;<\/a><\/p>\n","protected":false},"author":1,"featured_media":0,"parent":0,"menu_order":0,"comment_status":"closed","ping_status":"closed","template":"","meta":{"inline_featured_image":false,"site-sidebar-layout":"no-sidebar","site-content-layout":"page-builder","ast-global-header-display":"","ast-banner-title-visibility":"","ast-main-header-display":"","ast-hfb-above-header-display":"","ast-hfb-below-header-display":"","ast-hfb-mobile-header-display":"","site-post-title":"disabled","ast-breadcrumbs-content":"","ast-featured-img":"disabled","footer-sml-layout":"","theme-transparent-header-meta":"default","adv-header-id-meta":"","stick-header-meta":"default","header-above-stick-meta":"","header-main-stick-meta":"","header-below-stick-meta":""},"yoast_head":"<!-- This site is optimized with the Yoast SEO plugin v20.11 - https:\/\/yoast.com\/wordpress\/plugins\/seo\/ -->\n<title>Impressum &raquo; Sc\u00e9alta<\/title>\n<meta name=\"robots\" content=\"index, follow, max-snippet:-1, max-image-preview:large, max-video-preview:-1\" \/>\n<link rel=\"canonical\" href=\"https:\/\/www.scealta.de\/imprint\/\" \/>\n<meta property=\"og:locale\" content=\"de_DE\" \/>\n<meta property=\"og:type\" content=\"article\" \/>\n<meta property=\"og:title\" content=\"Impressum &raquo; Sc\u00e9alta\" \/>\n<meta property=\"og:description\" content=\"Impressum Anbieter und inhaltlich verantwortlich: Daniel O\u2019Connor Zwieseler Stra\u00dfe 40B, 10318, Berlin E-Mail: info(at)scealta.de Web: www.scealta.de Steuer Nr: 14\/253\/00666 USt.-IdNr: DE290495524 Layout &amp; Technical Implementation: Web Design: \u00a9 Daniel O&#8217;Connor Illustration: \u00a9 Antonio Jos\u00e9 Ord\u00f3\u00f1ez Cambra Bilder: \u00a9 Erwin Ramm Haftung: Externe Links: Die Inhalte externer Links wurden vor dem Einbinden auf www.scealta.de einmal gepr\u00fcft, &hellip; Impressum Weiterlesen &raquo;\" \/>\n<meta property=\"og:url\" content=\"https:\/\/www.scealta.de\/imprint\/\" \/>\n<meta property=\"og:site_name\" content=\"Sc\u00e9alta\" \/>\n<meta property=\"article:modified_time\" content=\"2021-08-11T09:18:18+00:00\" \/>\n<meta property=\"og:image\" content=\"https:\/\/www.scealta.de\/wp-content\/uploads\/2021\/08\/scealta_fb_banner.jpg\" \/>\n\t<meta property=\"og:image:width\" content=\"820\" \/>\n\t<meta property=\"og:image:height\" content=\"360\" \/>\n\t<meta property=\"og:image:type\" content=\"image\/jpeg\" \/>\n<meta name=\"twitter:card\" content=\"summary_large_image\" \/>\n<meta name=\"twitter:label1\" content=\"Gesch\u00e4tzte Lesezeit\" \/>\n\t<meta name=\"twitter:data1\" content=\"2\u00a0Minuten\" \/>\n<script type=\"application\/ld+json\" class=\"yoast-schema-graph\">{\"@context\":\"https:\/\/schema.org\",\"@graph\":[{\"@type\":\"WebPage\",\"@id\":\"https:\/\/www.scealta.de\/imprint\/\",\"url\":\"https:\/\/www.scealta.de\/imprint\/\",\"name\":\"Impressum &raquo; Sc\u00e9alta\",\"isPartOf\":{\"@id\":\"https:\/\/www.scealta.de\/#website\"},\"datePublished\":\"2021-08-05T10:51:23+00:00\",\"dateModified\":\"2021-08-11T09:18:18+00:00\",\"breadcrumb\":{\"@id\":\"https:\/\/www.scealta.de\/imprint\/#breadcrumb\"},\"inLanguage\":\"de\",\"potentialAction\":[{\"@type\":\"ReadAction\",\"target\":[\"https:\/\/www.scealta.de\/imprint\/\"]}]},{\"@type\":\"BreadcrumbList\",\"@id\":\"https:\/\/www.scealta.de\/imprint\/#breadcrumb\",\"itemListElement\":[{\"@type\":\"ListItem\",\"position\":1,\"name\":\"Home\",\"item\":\"https:\/\/www.scealta.de\/\"},{\"@type\":\"ListItem\",\"position\":2,\"name\":\"Impressum\"}]},{\"@type\":\"WebSite\",\"@id\":\"https:\/\/www.scealta.de\/#website\",\"url\":\"https:\/\/www.scealta.de\/\",\"name\":\"Sc\u00e9alta\",\"description\":\"Irland, Musik, Tanz, Geschichten\",\"publisher\":{\"@id\":\"https:\/\/www.scealta.de\/#organization\"},\"potentialAction\":[{\"@type\":\"SearchAction\",\"target\":{\"@type\":\"EntryPoint\",\"urlTemplate\":\"https:\/\/www.scealta.de\/?s={search_term_string}\"},\"query-input\":\"required name=search_term_string\"}],\"inLanguage\":\"de\"},{\"@type\":\"Organization\",\"@id\":\"https:\/\/www.scealta.de\/#organization\",\"name\":\"Sc\u00e9alta\",\"url\":\"https:\/\/www.scealta.de\/\",\"logo\":{\"@type\":\"ImageObject\",\"inLanguage\":\"de\",\"@id\":\"https:\/\/www.scealta.de\/#\/schema\/logo\/image\/\",\"url\":\"https:\/\/www.scealta.de\/wp-content\/uploads\/2021\/08\/scealta_logo.svg\",\"contentUrl\":\"https:\/\/www.scealta.de\/wp-content\/uploads\/2021\/08\/scealta_logo.svg\",\"width\":1,\"height\":1,\"caption\":\"Sc\u00e9alta\"},\"image\":{\"@id\":\"https:\/\/www.scealta.de\/#\/schema\/logo\/image\/\"}}]}<\/script>\n<!-- \/ Yoast SEO plugin. -->","yoast_head_json":{"title":"Impressum &raquo; Sc\u00e9alta","robots":{"index":"index","follow":"follow","max-snippet":"max-snippet:-1","max-image-preview":"max-image-preview:large","max-video-preview":"max-video-preview:-1"},"canonical":"https:\/\/www.scealta.de\/imprint\/","og_locale":"de_DE","og_type":"article","og_title":"Impressum &raquo; Sc\u00e9alta","og_description":"Impressum Anbieter und inhaltlich verantwortlich: Daniel O\u2019Connor Zwieseler Stra\u00dfe 40B, 10318, Berlin E-Mail: info(at)scealta.de Web: www.scealta.de Steuer Nr: 14\/253\/00666 USt.-IdNr: DE290495524 Layout &amp; Technical Implementation: Web Design: \u00a9 Daniel O&#8217;Connor Illustration: \u00a9 Antonio Jos\u00e9 Ord\u00f3\u00f1ez Cambra Bilder: \u00a9 Erwin Ramm Haftung: Externe Links: Die Inhalte externer Links wurden vor dem Einbinden auf www.scealta.de einmal gepr\u00fcft, &hellip; Impressum Weiterlesen &raquo;","og_url":"https:\/\/www.scealta.de\/imprint\/","og_site_name":"Sc\u00e9alta","article_modified_time":"2021-08-11T09:18:18+00:00","og_image":[{"width":820,"height":360,"url":"https:\/\/www.scealta.de\/wp-content\/uploads\/2021\/08\/scealta_fb_banner.jpg","type":"image\/jpeg"}],"twitter_card":"summary_large_image","twitter_misc":{"Gesch\u00e4tzte Lesezeit":"2\u00a0Minuten"},"schema":{"@context":"https:\/\/schema.org","@graph":[{"@type":"WebPage","@id":"https:\/\/www.scealta.de\/imprint\/","url":"https:\/\/www.scealta.de\/imprint\/","name":"Impressum &raquo; Sc\u00e9alta","isPartOf":{"@id":"https:\/\/www.scealta.de\/#website"},"datePublished":"2021-08-05T10:51:23+00:00","dateModified":"2021-08-11T09:18:18+00:00","breadcrumb":{"@id":"https:\/\/www.scealta.de\/imprint\/#breadcrumb"},"inLanguage":"de","potentialAction":[{"@type":"ReadAction","target":["https:\/\/www.scealta.de\/imprint\/"]}]},{"@type":"BreadcrumbList","@id":"https:\/\/www.scealta.de\/imprint\/#breadcrumb","itemListElement":[{"@type":"ListItem","position":1,"name":"Home","item":"https:\/\/www.scealta.de\/"},{"@type":"ListItem","position":2,"name":"Impressum"}]},{"@type":"WebSite","@id":"https:\/\/www.scealta.de\/#website","url":"https:\/\/www.scealta.de\/","name":"Sc\u00e9alta","description":"Irland, Musik, Tanz, Geschichten","publisher":{"@id":"https:\/\/www.scealta.de\/#organization"},"potentialAction":[{"@type":"SearchAction","target":{"@type":"EntryPoint","urlTemplate":"https:\/\/www.scealta.de\/?s={search_term_string}"},"query-input":"required name=search_term_string"}],"inLanguage":"de"},{"@type":"Organization","@id":"https:\/\/www.scealta.de\/#organization","name":"Sc\u00e9alta","url":"https:\/\/www.scealta.de\/","logo":{"@type":"ImageObject","inLanguage":"de","@id":"https:\/\/www.scealta.de\/#\/schema\/logo\/image\/","url":"https:\/\/www.scealta.de\/wp-content\/uploads\/2021\/08\/scealta_logo.svg","contentUrl":"https:\/\/www.scealta.de\/wp-content\/uploads\/2021\/08\/scealta_logo.svg","width":1,"height":1,"caption":"Sc\u00e9alta"},"image":{"@id":"https:\/\/www.scealta.de\/#\/schema\/logo\/image\/"}}]}},"_links":{"self":[{"href":"https:\/\/www.scealta.de\/de\/wp-json\/wp\/v2\/pages\/2514"}],"collection":[{"href":"https:\/\/www.scealta.de\/de\/wp-json\/wp\/v2\/pages"}],"about":[{"href":"https:\/\/www.scealta.de\/de\/wp-json\/wp\/v2\/types\/page"}],"author":[{"embeddable":true,"href":"https:\/\/www.scealta.de\/de\/wp-json\/wp\/v2\/users\/1"}],"replies":[{"embeddable":true,"href":"https:\/\/www.scealta.de\/de\/wp-json\/wp\/v2\/comments?post=2514"}],"version-history":[{"count":2,"href":"https:\/\/www.scealta.de\/de\/wp-json\/wp\/v2\/pages\/2514\/revisions"}],"predecessor-version":[{"id":2816,"href":"https:\/\/www.scealta.de\/de\/wp-json\/wp\/v2\/pages\/2514\/revisions\/2816"}],"wp:attachment":[{"href":"https:\/\/www.scealta.de\/de\/wp-json\/wp\/v2\/media?parent=2514"}],"curies":[{"name":"wp","href":"https:\/\/api.w.org\/{rel}","templated":true}]}}