{"id":2503,"date":"2021-08-05T11:37:10","date_gmt":"2021-08-05T10:37:10","guid":{"rendered":"https:\/\/scealta.de\/gyula-glaser\/"},"modified":"2021-11-30T11:25:18","modified_gmt":"2021-11-30T11:25:18","slug":"gyula-glaser","status":"publish","type":"page","link":"https:\/\/www.scealta.de\/de\/gyula-glaser\/","title":{"rendered":"Gyula Glaser"},"content":{"rendered":"\t\t<div data-elementor-type=\"wp-page\" data-elementor-id=\"2503\" class=\"elementor elementor-2503 elementor-2160\">\n\t\t\t\t\t\t\t\t\t<section class=\"elementor-section elementor-top-section elementor-element elementor-element-8730dab elementor-section-boxed elementor-section-height-default elementor-section-height-default\" data-id=\"8730dab\" data-element_type=\"section\" data-settings=\"{&quot;background_background&quot;:&quot;gradient&quot;,&quot;shape_divider_top&quot;:&quot;curve&quot;,&quot;shape_divider_top_negative&quot;:&quot;yes&quot;,&quot;shape_divider_bottom&quot;:&quot;multi-wave&quot;}\">\n\t\t\t\t\t\t\t<div class=\"elementor-background-overlay\"><\/div>\n\t\t\t\t\t\t<div class=\"elementor-shape elementor-shape-top\" data-negative=\"true\">\n\t\t\t<svg xmlns=\"http:\/\/www.w3.org\/2000\/svg\" viewBox=\"0 0 1000 100\" preserveAspectRatio=\"none\">\n\t<path class=\"elementor-shape-fill\" d=\"M500,97C126.7,96.3,0.8,19.8,0,0v100l1000,0V1C1000,19.4,873.3,97.8,500,97z\"\/>\n<\/svg>\t\t<\/div>\n\t\t\t\t\t<div class=\"elementor-container elementor-column-gap-default\">\n\t\t\t\t\t<div class=\"elementor-column elementor-col-100 elementor-top-column elementor-element elementor-element-2fb61ba\" data-id=\"2fb61ba\" data-element_type=\"column\">\n\t\t\t<div class=\"elementor-widget-wrap elementor-element-populated\">\n\t\t\t\t\t\t\t\t<div class=\"elementor-element elementor-element-07d83dd elementor-widget elementor-widget-heading\" data-id=\"07d83dd\" data-element_type=\"widget\" data-widget_type=\"heading.default\">\n\t\t\t\t<div class=\"elementor-widget-container\">\n\t\t\t<h2 class=\"elementor-heading-title elementor-size-default\">Gyula Glaser<\/h2>\t\t<\/div>\n\t\t\t\t<\/div>\n\t\t\t\t\t<\/div>\n\t\t<\/div>\n\t\t\t\t\t\t\t<\/div>\n\t\t<\/section>\n\t\t\t\t<section class=\"elementor-section elementor-top-section elementor-element elementor-element-bn8t7lp elementor-section-boxed elementor-section-height-default elementor-section-height-default\" data-id=\"bn8t7lp\" data-element_type=\"section\" data-settings=\"{&quot;background_background&quot;:&quot;classic&quot;}\">\n\t\t\t\t\t\t<div class=\"elementor-container elementor-column-gap-default\">\n\t\t\t\t\t<div class=\"elementor-column elementor-col-50 elementor-top-column elementor-element elementor-element-745fd29 elementor-hidden-tablet elementor-hidden-phone\" data-id=\"745fd29\" data-element_type=\"column\">\n\t\t\t<div class=\"elementor-widget-wrap elementor-element-populated\">\n\t\t\t\t\t\t\t\t<div class=\"elementor-element elementor-element-6cefe94 elementor-align-center elementor-icon-list--layout-traditional elementor-list-item-link-full_width elementor-widget elementor-widget-icon-list\" data-id=\"6cefe94\" data-element_type=\"widget\" data-widget_type=\"icon-list.default\">\n\t\t\t\t<div class=\"elementor-widget-container\">\n\t\t\t\t\t<ul class=\"elementor-icon-list-items\">\n\t\t\t\t\t\t\t<li class=\"elementor-icon-list-item\">\n\t\t\t\t\t\t\t\t\t\t\t<a href=\"https:\/\/www.facebook.com\/gyula.glaser\" target=\"_blank\">\n\n\t\t\t\t\t\t\t\t\t\t\t\t<span class=\"elementor-icon-list-icon\">\n\t\t\t\t\t\t\t<i aria-hidden=\"true\" class=\"fab fa-facebook\"><\/i>\t\t\t\t\t\t<\/span>\n\t\t\t\t\t\t\t\t\t\t<span class=\"elementor-icon-list-text\">facebook<\/span>\n\t\t\t\t\t\t\t\t\t\t\t<\/a>\n\t\t\t\t\t\t\t\t\t<\/li>\n\t\t\t\t\t\t\t\t<li class=\"elementor-icon-list-item\">\n\t\t\t\t\t\t\t\t\t\t\t<a href=\"https:\/\/www.instagram.com\/gyulaglaser\/\" target=\"_blank\">\n\n\t\t\t\t\t\t\t\t\t\t\t\t<span class=\"elementor-icon-list-icon\">\n\t\t\t\t\t\t\t<i aria-hidden=\"true\" class=\"fab fa-instagram\"><\/i>\t\t\t\t\t\t<\/span>\n\t\t\t\t\t\t\t\t\t\t<span class=\"elementor-icon-list-text\">instagram<\/span>\n\t\t\t\t\t\t\t\t\t\t\t<\/a>\n\t\t\t\t\t\t\t\t\t<\/li>\n\t\t\t\t\t\t\t\t<li class=\"elementor-icon-list-item\">\n\t\t\t\t\t\t\t\t\t\t\t<a href=\"http:\/\/www.ide-berlin.com\/\" target=\"_blank\">\n\n\t\t\t\t\t\t\t\t\t\t\t\t<span class=\"elementor-icon-list-icon\">\n\t\t\t\t\t\t\t<i aria-hidden=\"true\" class=\"fas fa-link\"><\/i>\t\t\t\t\t\t<\/span>\n\t\t\t\t\t\t\t\t\t\t<span class=\"elementor-icon-list-text\">website<\/span>\n\t\t\t\t\t\t\t\t\t\t\t<\/a>\n\t\t\t\t\t\t\t\t\t<\/li>\n\t\t\t\t\t\t<\/ul>\n\t\t\t\t<\/div>\n\t\t\t\t<\/div>\n\t\t\t\t\t<\/div>\n\t\t<\/div>\n\t\t\t\t<div class=\"elementor-column elementor-col-50 elementor-top-column elementor-element elementor-element-f088365\" data-id=\"f088365\" data-element_type=\"column\">\n\t\t\t<div class=\"elementor-widget-wrap elementor-element-populated\">\n\t\t\t\t\t\t\t\t<div class=\"elementor-element elementor-element-0ef628b elementor-widget elementor-widget-heading\" data-id=\"0ef628b\" data-element_type=\"widget\" data-widget_type=\"heading.default\">\n\t\t\t\t<div class=\"elementor-widget-container\">\n\t\t\t<h2 class=\"elementor-heading-title elementor-size-default\">Der Fu\u00dfmagier<\/h2>\t\t<\/div>\n\t\t\t\t<\/div>\n\t\t\t\t<div class=\"elementor-element elementor-element-27ec0ce elementor-icon-list--layout-inline elementor-align-left elementor-list-item-link-full_width elementor-widget elementor-widget-icon-list\" data-id=\"27ec0ce\" data-element_type=\"widget\" data-widget_type=\"icon-list.default\">\n\t\t\t\t<div class=\"elementor-widget-container\">\n\t\t\t\t\t<ul class=\"elementor-icon-list-items elementor-inline-items\">\n\t\t\t\t\t\t\t<li class=\"elementor-icon-list-item elementor-inline-item\">\n\t\t\t\t\t\t\t\t\t\t\t<span class=\"elementor-icon-list-icon\">\n\t\t\t\t\t\t\t<i aria-hidden=\"true\" class=\"fas fa-check-circle\"><\/i>\t\t\t\t\t\t<\/span>\n\t\t\t\t\t\t\t\t\t\t<span class=\"elementor-icon-list-text\">Tanz<\/span>\n\t\t\t\t\t\t\t\t\t<\/li>\n\t\t\t\t\t\t\t\t<li class=\"elementor-icon-list-item elementor-inline-item\">\n\t\t\t\t\t\t\t\t\t\t\t<span class=\"elementor-icon-list-icon\">\n\t\t\t\t\t\t\t<i aria-hidden=\"true\" class=\"fas fa-check-circle\"><\/i>\t\t\t\t\t\t<\/span>\n\t\t\t\t\t\t\t\t\t\t<span class=\"elementor-icon-list-text\">Geschichtenerz\u00e4hlen<\/span>\n\t\t\t\t\t\t\t\t\t<\/li>\n\t\t\t\t\t\t<\/ul>\n\t\t\t\t<\/div>\n\t\t\t\t<\/div>\n\t\t\t\t<div class=\"elementor-element elementor-element-7bdd87d elementor-widget-divider--separator-type-pattern elementor-widget-divider--view-line elementor-widget elementor-widget-divider\" data-id=\"7bdd87d\" data-element_type=\"widget\" data-widget_type=\"divider.default\">\n\t\t\t\t<div class=\"elementor-widget-container\">\n\t\t\t\t\t<div class=\"elementor-divider\" style=\"--divider-pattern-url: url(&quot;data:image\/svg+xml,%3Csvg xmlns=&#039;http:\/\/www.w3.org\/2000\/svg&#039; preserveAspectRatio=&#039;none&#039; overflow=&#039;visible&#039; height=&#039;100%&#039; viewBox=&#039;0 0 24 24&#039; fill=&#039;none&#039; stroke=&#039;black&#039; stroke-width=&#039;2&#039; stroke-linecap=&#039;square&#039; stroke-miterlimit=&#039;10&#039;%3E%3Cpath d=&#039;M0,21c3.3,0,8.3-0.9,15.7-7.1c6.6-5.4,4.4-9.3,2.4-10.3c-3.4-1.8-7.7,1.3-7.3,8.8C11.2,20,17.1,21,24,21&#039;\/%3E%3C\/svg%3E&quot;);\">\n\t\t\t<span class=\"elementor-divider-separator\">\n\t\t\t\t\t\t<\/span>\n\t\t<\/div>\n\t\t\t\t<\/div>\n\t\t\t\t<\/div>\n\t\t\t\t<div class=\"elementor-element elementor-element-2d333dd elementor-widget elementor-widget-text-editor\" data-id=\"2d333dd\" data-element_type=\"widget\" data-widget_type=\"text-editor.default\">\n\t\t\t\t<div class=\"elementor-widget-container\">\n\t\t\t\t\t\t\t<p>Eines Tages sa\u00df der <strong><em>16 j\u00e4hrige<\/em><\/strong> Gyula vor dem Fernsehen und glaubte seine Augen kaum &#8211; F\u00fc\u00dfe, die schnell und pr\u00e4zise dahin flogen und purer Rhythmus &#8211; Das musste er unbedingt lernen! Er trainierte die ersten <strong><em>Irish Dance Schritte<\/em><\/strong> in seine Heimatstadt Budapest bei den besten Lehrern &#8211; <strong><em>Ronan Morgan<\/em><\/strong> und <strong><em>Stephen Scariff<\/em><\/strong>, ehemalige T\u00e4nzer bei <strong><em>Lord of the Dance<\/em><\/strong> and <strong><em>Dancing on Dangerous Ground<\/em><\/strong>.<\/p>\n<p>Sein Talent und Ehrgeiz wurde fr\u00fch erkannt und er schnupperte die erste B\u00fchnenluft mit dem <strong><em>Ronan Morgan Dance Ensemble<\/em><\/strong>, mit dem er in den gr\u00f6\u00dften und bekanntesten H\u00e4usern Ungarns tanzte. Auch auf Wettkampf-B\u00fchnen f\u00fchlte er sich zu Hause und gewann u.a. <strong><em>3 Europameistertitel<\/em><\/strong> und qualifizierte sich f\u00fcr die <strong><em>Weltmeisterschaft in Belfast<\/em><\/strong>.<\/p>\n<p>Belfast wurde Gyulas Lieblingsstadt auf der Insel, nicht nur wegen dem <strong><em>Full Irish Breakfast<\/em><\/strong>, das er JEDEN morgen genossen hat, sondern wegen zwei sp\u00e4teren erfolgreichen Auditions. <\/p>\n<p>Motiviert durch den Erfolg reifte der Wunsch heran als professioneller T\u00e4nzer zu arbeiten und er hatte Gl\u00fcck. <strong><em>Gaelforce Dance<\/em><\/strong> engagierte ihn f\u00fcr eine mehrmonatige Tournee durch Irland und Europa. Bald darauf folgte die Show <strong><em>Magic of the Dance<\/em><\/strong>, mit der er mehrere Jahre tourte &#8211; von <strong><em>Holland bis Taiwan<\/em><\/strong>. Sein Deb\u00fct tanzte er in der Rolle des <strong><em>\u201cDevil\u201d<\/em><\/strong>.<\/p>\n<p>Ein besonderes Highlight war f\u00fcr ihn mit der Show vor <strong><em>Leonardo DiCaprio<\/em><\/strong> zu tanzen und sp\u00e4ter sogar <strong><em>Liam Neeson<\/em><\/strong> bei der Cinema for Peace Gala pers\u00f6nlich kennenzulernen. Ein gro\u00dfer Traum war f\u00fcr ihn au\u00dferdem bei der Entstehung einer Show hautnah dabei zu sein und <strong><em>Breandan De Gallai<\/em><\/strong> hat ihm die M\u00f6glichkeit gegeben in dem B\u00fchnenst\u00fcck <strong><em>Noct\u00fa<\/em><\/strong>. Aus hunderten wurde er ausgew\u00e4hlt und tanzte mit der Show in <strong><em>Irland<\/em><\/strong> und <strong><em>New York<\/em><\/strong>, wo er 2011 f\u00fcr einen Monat am Off-Broadway residierte. Hier erlebte er die bewegenden Momente des zehnj\u00e4hrigen Jubil\u00e4ums von 09\/11 direkt am <strong><em>Ground Zero<\/em><\/strong>.<\/p>\n<p>Gyula selbst ist Choreograph und Solist der Berliner <strong><em>Irish Beats Dance Company<\/em><\/strong> und der Produktion <strong><em>\u201cWorld of Pipe Rock and Irish Dance\u201d<\/em><\/strong>. Au\u00dferdem ist er Programmkoordinator des <strong><em>Irish Festival Berlin<\/em><\/strong> und von <strong><em>Camp Rince Berlin<\/em><\/strong>.<\/p>\n\t\t\t\t\t\t<\/div>\n\t\t\t\t<\/div>\n\t\t\t\t\t<\/div>\n\t\t<\/div>\n\t\t\t\t\t\t\t<\/div>\n\t\t<\/section>\n\t\t\t\t<section class=\"elementor-section elementor-top-section elementor-element elementor-element-545012f elementor-section-boxed elementor-section-height-default elementor-section-height-default\" data-id=\"545012f\" data-element_type=\"section\" data-settings=\"{&quot;background_background&quot;:&quot;classic&quot;}\">\n\t\t\t\t\t\t<div class=\"elementor-container elementor-column-gap-default\">\n\t\t\t\t\t\t\t\t<\/div>\n\t\t<\/section>\n\t\t\t\t<section class=\"elementor-section elementor-top-section elementor-element elementor-element-4d32360 elementor-section-boxed elementor-section-height-default elementor-section-height-default\" data-id=\"4d32360\" data-element_type=\"section\" data-settings=\"{&quot;background_background&quot;:&quot;gradient&quot;,&quot;shape_divider_top&quot;:&quot;multi-wave&quot;,&quot;shape_divider_bottom&quot;:&quot;multi-wave&quot;}\">\n\t\t\t\t\t\t\t<div class=\"elementor-background-overlay\"><\/div>\n\t\t\t\t\t\t\t<div class=\"elementor-container elementor-column-gap-default\">\n\t\t\t\t\t<div class=\"elementor-column elementor-col-100 elementor-top-column elementor-element elementor-element-3379cc9\" data-id=\"3379cc9\" data-element_type=\"column\">\n\t\t\t<div class=\"elementor-widget-wrap elementor-element-populated\">\n\t\t\t\t\t\t\t\t<div class=\"elementor-element elementor-element-f76aefe uael-aspect-ratio-16_9 elementor-widget elementor-widget-uael-video\" data-id=\"f76aefe\" data-element_type=\"widget\" data-widget_type=\"uael-video.default\">\n\t\t\t\t<div class=\"elementor-widget-container\">\n\t\t\t\t\t\t\t<div class=\"uael-video__outer-wrap  uael-video-type-youtube uael-video-play-lightbox\" data-device=\"false\" data-vsticky=\"no\" data-hidedesktop=\"\" data-hidetablet=\"\" data-hidemobile=\"\" data-vsticky-viewport=\"0\" data-elementor-open-lightbox=\"yes\" data-elementor-lightbox=\"{&quot;type&quot;:&quot;video&quot;,&quot;videoType&quot;:&quot;youtube&quot;,&quot;url&quot;:&quot;https:\\\/\\\/www.youtube.com\\\/embed\\\/kjcM13-Q_Z4?rel=0&amp;start=36&amp;end&amp;controls=1&amp;mute=0&amp;modestbranding=0&amp;autoplay=1&quot;,&quot;modalOptions&quot;:{&quot;id&quot;:&quot;elementor-lightbox-f76aefe&quot;,&quot;entranceAnimation&quot;:&quot;&quot;,&quot;entranceAnimation_tablet&quot;:&quot;&quot;,&quot;entranceAnimation_mobile&quot;:&quot;&quot;,&quot;videoAspectRatio&quot;:&quot;169&quot;}}\">\r\n\t\t\t\t\t\t<div class=\"uael-video-inner-wrap\">\r\n\t\t\t\t<div class=\"uael-video__play\" data-src=\"https:\/\/www.youtube.com\/embed\/kjcM13-Q_Z4?rel=0&amp;start=36&amp;end&amp;controls=1&amp;mute=0&amp;modestbranding=0&amp;autoplay=1\">\r\n\t\t\t\t\t<img decoding=\"async\" class=\"uael-video__thumb\" src=\"https:\/\/www.scealta.de\/wp-content\/uploads\/2021\/07\/gyula_bio_scealta_video.jpg\" alt=\"gyula_bio_scealta_video\"><\/img>\r\n\t\t\t\t\t<div class=\"uael-video__play-icon uael-animation-\">\r\n\t\t\t\t\t\t<i aria-hidden=\"true\" class=\"fa fa-play-circle\"><\/i>\t\t\t\t\t<\/div>\r\n\t\t\t\t<\/div>\r\n\t\t\t\t\t\t\t\t\t\t\t<\/div>\r\n\t\t<\/div>\r\n\t\t\t\t\t<\/div>\n\t\t\t\t<\/div>\n\t\t\t\t\t<\/div>\n\t\t<\/div>\n\t\t\t\t\t\t\t<\/div>\n\t\t<\/section>\n\t\t\t\t\t\t\t<\/div>\n\t\t","protected":false},"excerpt":{"rendered":"<p>Gyula Glaser facebook instagram website Der Fu\u00dfmagier Tanz Geschichtenerz\u00e4hlen Eines Tages sa\u00df der 16 j\u00e4hrige Gyula vor dem Fernsehen und glaubte seine Augen kaum &#8211; F\u00fc\u00dfe, die schnell und pr\u00e4zise dahin flogen und purer Rhythmus &#8211; Das musste er unbedingt lernen! Er trainierte die ersten Irish Dance Schritte in seine Heimatstadt Budapest bei den besten &hellip;<\/p>\n<p class=\"read-more\"> <a class=\"\" href=\"https:\/\/www.scealta.de\/de\/gyula-glaser\/\"> <span class=\"screen-reader-text\">Gyula Glaser<\/span> Weiterlesen &raquo;<\/a><\/p>\n","protected":false},"author":1,"featured_media":0,"parent":0,"menu_order":0,"comment_status":"closed","ping_status":"closed","template":"","meta":{"inline_featured_image":false,"site-sidebar-layout":"no-sidebar","site-content-layout":"page-builder","ast-global-header-display":"","ast-banner-title-visibility":"","ast-main-header-display":"","ast-hfb-above-header-display":"","ast-hfb-below-header-display":"","ast-hfb-mobile-header-display":"","site-post-title":"disabled","ast-breadcrumbs-content":"","ast-featured-img":"disabled","footer-sml-layout":"","theme-transparent-header-meta":"default","adv-header-id-meta":"","stick-header-meta":"default","header-above-stick-meta":"","header-main-stick-meta":"","header-below-stick-meta":""},"yoast_head":"<!-- This site is optimized with the Yoast SEO plugin v20.11 - https:\/\/yoast.com\/wordpress\/plugins\/seo\/ -->\n<title>Gyula Glaser &raquo; Sc\u00e9alta<\/title>\n<meta name=\"robots\" content=\"index, follow, max-snippet:-1, max-image-preview:large, max-video-preview:-1\" \/>\n<link rel=\"canonical\" href=\"https:\/\/www.scealta.de\/gyula-glaser\/\" \/>\n<meta property=\"og:locale\" content=\"de_DE\" \/>\n<meta property=\"og:type\" content=\"article\" \/>\n<meta property=\"og:title\" content=\"Gyula Glaser &raquo; Sc\u00e9alta\" \/>\n<meta property=\"og:description\" content=\"Gyula Glaser facebook instagram website Der Fu\u00dfmagier Tanz Geschichtenerz\u00e4hlen Eines Tages sa\u00df der 16 j\u00e4hrige Gyula vor dem Fernsehen und glaubte seine Augen kaum &#8211; F\u00fc\u00dfe, die schnell und pr\u00e4zise dahin flogen und purer Rhythmus &#8211; Das musste er unbedingt lernen! Er trainierte die ersten Irish Dance Schritte in seine Heimatstadt Budapest bei den besten &hellip; Gyula Glaser Weiterlesen &raquo;\" \/>\n<meta property=\"og:url\" content=\"https:\/\/www.scealta.de\/gyula-glaser\/\" \/>\n<meta property=\"og:site_name\" content=\"Sc\u00e9alta\" \/>\n<meta property=\"article:modified_time\" content=\"2021-11-30T11:25:18+00:00\" \/>\n<meta property=\"og:image\" content=\"https:\/\/www.scealta.de\/wp-content\/uploads\/2021\/08\/scealta_fb_banner.jpg\" \/>\n\t<meta property=\"og:image:width\" content=\"820\" \/>\n\t<meta property=\"og:image:height\" content=\"360\" \/>\n\t<meta property=\"og:image:type\" content=\"image\/jpeg\" \/>\n<meta name=\"twitter:card\" content=\"summary_large_image\" \/>\n<meta name=\"twitter:label1\" content=\"Gesch\u00e4tzte Lesezeit\" \/>\n\t<meta name=\"twitter:data1\" content=\"2\u00a0Minuten\" \/>\n<script type=\"application\/ld+json\" class=\"yoast-schema-graph\">{\"@context\":\"https:\/\/schema.org\",\"@graph\":[{\"@type\":\"WebPage\",\"@id\":\"https:\/\/www.scealta.de\/gyula-glaser\/\",\"url\":\"https:\/\/www.scealta.de\/gyula-glaser\/\",\"name\":\"Gyula Glaser &raquo; Sc\u00e9alta\",\"isPartOf\":{\"@id\":\"https:\/\/www.scealta.de\/#website\"},\"datePublished\":\"2021-08-05T10:37:10+00:00\",\"dateModified\":\"2021-11-30T11:25:18+00:00\",\"breadcrumb\":{\"@id\":\"https:\/\/www.scealta.de\/gyula-glaser\/#breadcrumb\"},\"inLanguage\":\"de\",\"potentialAction\":[{\"@type\":\"ReadAction\",\"target\":[\"https:\/\/www.scealta.de\/gyula-glaser\/\"]}]},{\"@type\":\"BreadcrumbList\",\"@id\":\"https:\/\/www.scealta.de\/gyula-glaser\/#breadcrumb\",\"itemListElement\":[{\"@type\":\"ListItem\",\"position\":1,\"name\":\"Home\",\"item\":\"https:\/\/www.scealta.de\/\"},{\"@type\":\"ListItem\",\"position\":2,\"name\":\"Gyula Glaser\"}]},{\"@type\":\"WebSite\",\"@id\":\"https:\/\/www.scealta.de\/#website\",\"url\":\"https:\/\/www.scealta.de\/\",\"name\":\"Sc\u00e9alta\",\"description\":\"Irland, Musik, Tanz, Geschichten\",\"publisher\":{\"@id\":\"https:\/\/www.scealta.de\/#organization\"},\"potentialAction\":[{\"@type\":\"SearchAction\",\"target\":{\"@type\":\"EntryPoint\",\"urlTemplate\":\"https:\/\/www.scealta.de\/?s={search_term_string}\"},\"query-input\":\"required name=search_term_string\"}],\"inLanguage\":\"de\"},{\"@type\":\"Organization\",\"@id\":\"https:\/\/www.scealta.de\/#organization\",\"name\":\"Sc\u00e9alta\",\"url\":\"https:\/\/www.scealta.de\/\",\"logo\":{\"@type\":\"ImageObject\",\"inLanguage\":\"de\",\"@id\":\"https:\/\/www.scealta.de\/#\/schema\/logo\/image\/\",\"url\":\"https:\/\/www.scealta.de\/wp-content\/uploads\/2021\/08\/scealta_logo.svg\",\"contentUrl\":\"https:\/\/www.scealta.de\/wp-content\/uploads\/2021\/08\/scealta_logo.svg\",\"width\":1,\"height\":1,\"caption\":\"Sc\u00e9alta\"},\"image\":{\"@id\":\"https:\/\/www.scealta.de\/#\/schema\/logo\/image\/\"}}]}<\/script>\n<!-- \/ Yoast SEO plugin. -->","yoast_head_json":{"title":"Gyula Glaser &raquo; Sc\u00e9alta","robots":{"index":"index","follow":"follow","max-snippet":"max-snippet:-1","max-image-preview":"max-image-preview:large","max-video-preview":"max-video-preview:-1"},"canonical":"https:\/\/www.scealta.de\/gyula-glaser\/","og_locale":"de_DE","og_type":"article","og_title":"Gyula Glaser &raquo; Sc\u00e9alta","og_description":"Gyula Glaser facebook instagram website Der Fu\u00dfmagier Tanz Geschichtenerz\u00e4hlen Eines Tages sa\u00df der 16 j\u00e4hrige Gyula vor dem Fernsehen und glaubte seine Augen kaum &#8211; F\u00fc\u00dfe, die schnell und pr\u00e4zise dahin flogen und purer Rhythmus &#8211; Das musste er unbedingt lernen! Er trainierte die ersten Irish Dance Schritte in seine Heimatstadt Budapest bei den besten &hellip; Gyula Glaser Weiterlesen &raquo;","og_url":"https:\/\/www.scealta.de\/gyula-glaser\/","og_site_name":"Sc\u00e9alta","article_modified_time":"2021-11-30T11:25:18+00:00","og_image":[{"width":820,"height":360,"url":"https:\/\/www.scealta.de\/wp-content\/uploads\/2021\/08\/scealta_fb_banner.jpg","type":"image\/jpeg"}],"twitter_card":"summary_large_image","twitter_misc":{"Gesch\u00e4tzte Lesezeit":"2\u00a0Minuten"},"schema":{"@context":"https:\/\/schema.org","@graph":[{"@type":"WebPage","@id":"https:\/\/www.scealta.de\/gyula-glaser\/","url":"https:\/\/www.scealta.de\/gyula-glaser\/","name":"Gyula Glaser &raquo; Sc\u00e9alta","isPartOf":{"@id":"https:\/\/www.scealta.de\/#website"},"datePublished":"2021-08-05T10:37:10+00:00","dateModified":"2021-11-30T11:25:18+00:00","breadcrumb":{"@id":"https:\/\/www.scealta.de\/gyula-glaser\/#breadcrumb"},"inLanguage":"de","potentialAction":[{"@type":"ReadAction","target":["https:\/\/www.scealta.de\/gyula-glaser\/"]}]},{"@type":"BreadcrumbList","@id":"https:\/\/www.scealta.de\/gyula-glaser\/#breadcrumb","itemListElement":[{"@type":"ListItem","position":1,"name":"Home","item":"https:\/\/www.scealta.de\/"},{"@type":"ListItem","position":2,"name":"Gyula Glaser"}]},{"@type":"WebSite","@id":"https:\/\/www.scealta.de\/#website","url":"https:\/\/www.scealta.de\/","name":"Sc\u00e9alta","description":"Irland, Musik, Tanz, Geschichten","publisher":{"@id":"https:\/\/www.scealta.de\/#organization"},"potentialAction":[{"@type":"SearchAction","target":{"@type":"EntryPoint","urlTemplate":"https:\/\/www.scealta.de\/?s={search_term_string}"},"query-input":"required name=search_term_string"}],"inLanguage":"de"},{"@type":"Organization","@id":"https:\/\/www.scealta.de\/#organization","name":"Sc\u00e9alta","url":"https:\/\/www.scealta.de\/","logo":{"@type":"ImageObject","inLanguage":"de","@id":"https:\/\/www.scealta.de\/#\/schema\/logo\/image\/","url":"https:\/\/www.scealta.de\/wp-content\/uploads\/2021\/08\/scealta_logo.svg","contentUrl":"https:\/\/www.scealta.de\/wp-content\/uploads\/2021\/08\/scealta_logo.svg","width":1,"height":1,"caption":"Sc\u00e9alta"},"image":{"@id":"https:\/\/www.scealta.de\/#\/schema\/logo\/image\/"}}]}},"_links":{"self":[{"href":"https:\/\/www.scealta.de\/de\/wp-json\/wp\/v2\/pages\/2503"}],"collection":[{"href":"https:\/\/www.scealta.de\/de\/wp-json\/wp\/v2\/pages"}],"about":[{"href":"https:\/\/www.scealta.de\/de\/wp-json\/wp\/v2\/types\/page"}],"author":[{"embeddable":true,"href":"https:\/\/www.scealta.de\/de\/wp-json\/wp\/v2\/users\/1"}],"replies":[{"embeddable":true,"href":"https:\/\/www.scealta.de\/de\/wp-json\/wp\/v2\/comments?post=2503"}],"version-history":[{"count":3,"href":"https:\/\/www.scealta.de\/de\/wp-json\/wp\/v2\/pages\/2503\/revisions"}],"predecessor-version":[{"id":3308,"href":"https:\/\/www.scealta.de\/de\/wp-json\/wp\/v2\/pages\/2503\/revisions\/3308"}],"wp:attachment":[{"href":"https:\/\/www.scealta.de\/de\/wp-json\/wp\/v2\/media?parent=2503"}],"curies":[{"name":"wp","href":"https:\/\/api.w.org\/{rel}","templated":true}]}}