{"id":2500,"date":"2021-08-05T11:29:51","date_gmt":"2021-08-05T10:29:51","guid":{"rendered":"https:\/\/scealta.de\/nicole-ohnesorge\/"},"modified":"2021-11-30T11:25:29","modified_gmt":"2021-11-30T11:25:29","slug":"nicole-ohnesorge","status":"publish","type":"page","link":"https:\/\/www.scealta.de\/de\/nicole-ohnesorge\/","title":{"rendered":"Nicole Ohnesorge"},"content":{"rendered":"\t\t<div data-elementor-type=\"wp-page\" data-elementor-id=\"2500\" class=\"elementor elementor-2500 elementor-2172\">\n\t\t\t\t\t\t\t\t\t<section class=\"elementor-section elementor-top-section elementor-element elementor-element-8730dab elementor-section-boxed elementor-section-height-default elementor-section-height-default\" data-id=\"8730dab\" data-element_type=\"section\" data-settings=\"{&quot;background_background&quot;:&quot;gradient&quot;,&quot;shape_divider_top&quot;:&quot;curve&quot;,&quot;shape_divider_top_negative&quot;:&quot;yes&quot;,&quot;shape_divider_bottom&quot;:&quot;multi-wave&quot;}\">\n\t\t\t\t\t\t\t<div class=\"elementor-background-overlay\"><\/div>\n\t\t\t\t\t\t<div class=\"elementor-shape elementor-shape-top\" data-negative=\"true\">\n\t\t\t<svg xmlns=\"http:\/\/www.w3.org\/2000\/svg\" viewBox=\"0 0 1000 100\" preserveAspectRatio=\"none\">\n\t<path class=\"elementor-shape-fill\" d=\"M500,97C126.7,96.3,0.8,19.8,0,0v100l1000,0V1C1000,19.4,873.3,97.8,500,97z\"\/>\n<\/svg>\t\t<\/div>\n\t\t\t\t\t<div class=\"elementor-container elementor-column-gap-default\">\n\t\t\t\t\t<div class=\"elementor-column elementor-col-100 elementor-top-column elementor-element elementor-element-2fb61ba\" data-id=\"2fb61ba\" data-element_type=\"column\">\n\t\t\t<div class=\"elementor-widget-wrap elementor-element-populated\">\n\t\t\t\t\t\t\t\t<div class=\"elementor-element elementor-element-07d83dd elementor-widget elementor-widget-heading\" data-id=\"07d83dd\" data-element_type=\"widget\" data-widget_type=\"heading.default\">\n\t\t\t\t<div class=\"elementor-widget-container\">\n\t\t\t<h2 class=\"elementor-heading-title elementor-size-default\">Nicole Ohnesorge<\/h2>\t\t<\/div>\n\t\t\t\t<\/div>\n\t\t\t\t\t<\/div>\n\t\t<\/div>\n\t\t\t\t\t\t\t<\/div>\n\t\t<\/section>\n\t\t\t\t<section class=\"elementor-section elementor-top-section elementor-element elementor-element-bn8t7lp elementor-section-boxed elementor-section-height-default elementor-section-height-default\" data-id=\"bn8t7lp\" data-element_type=\"section\" data-settings=\"{&quot;background_background&quot;:&quot;classic&quot;}\">\n\t\t\t\t\t\t<div class=\"elementor-container elementor-column-gap-default\">\n\t\t\t\t\t<div class=\"elementor-column elementor-col-50 elementor-top-column elementor-element elementor-element-745fd29 elementor-hidden-tablet elementor-hidden-phone\" data-id=\"745fd29\" data-element_type=\"column\">\n\t\t\t<div class=\"elementor-widget-wrap elementor-element-populated\">\n\t\t\t\t\t\t\t\t<div class=\"elementor-element elementor-element-89becac elementor-align-center elementor-icon-list--layout-traditional elementor-list-item-link-full_width elementor-widget elementor-widget-icon-list\" data-id=\"89becac\" data-element_type=\"widget\" data-widget_type=\"icon-list.default\">\n\t\t\t\t<div class=\"elementor-widget-container\">\n\t\t\t\t\t<ul class=\"elementor-icon-list-items\">\n\t\t\t\t\t\t\t<li class=\"elementor-icon-list-item\">\n\t\t\t\t\t\t\t\t\t\t\t<a href=\"https:\/\/www.facebook.com\/nicole.ohnesorge.7\" target=\"_blank\">\n\n\t\t\t\t\t\t\t\t\t\t\t\t<span class=\"elementor-icon-list-icon\">\n\t\t\t\t\t\t\t<i aria-hidden=\"true\" class=\"fab fa-facebook\"><\/i>\t\t\t\t\t\t<\/span>\n\t\t\t\t\t\t\t\t\t\t<span class=\"elementor-icon-list-text\">facebook<\/span>\n\t\t\t\t\t\t\t\t\t\t\t<\/a>\n\t\t\t\t\t\t\t\t\t<\/li>\n\t\t\t\t\t\t\t\t<li class=\"elementor-icon-list-item\">\n\t\t\t\t\t\t\t\t\t\t\t<a href=\"https:\/\/www.irishbeats.de\/\" target=\"_blank\">\n\n\t\t\t\t\t\t\t\t\t\t\t\t<span class=\"elementor-icon-list-icon\">\n\t\t\t\t\t\t\t<i aria-hidden=\"true\" class=\"fas fa-link\"><\/i>\t\t\t\t\t\t<\/span>\n\t\t\t\t\t\t\t\t\t\t<span class=\"elementor-icon-list-text\">website<\/span>\n\t\t\t\t\t\t\t\t\t\t\t<\/a>\n\t\t\t\t\t\t\t\t\t<\/li>\n\t\t\t\t\t\t<\/ul>\n\t\t\t\t<\/div>\n\t\t\t\t<\/div>\n\t\t\t\t\t<\/div>\n\t\t<\/div>\n\t\t\t\t<div class=\"elementor-column elementor-col-50 elementor-top-column elementor-element elementor-element-f088365\" data-id=\"f088365\" data-element_type=\"column\">\n\t\t\t<div class=\"elementor-widget-wrap elementor-element-populated\">\n\t\t\t\t\t\t\t\t<div class=\"elementor-element elementor-element-0ef628b elementor-widget elementor-widget-heading\" data-id=\"0ef628b\" data-element_type=\"widget\" data-widget_type=\"heading.default\">\n\t\t\t\t<div class=\"elementor-widget-container\">\n\t\t\t<h2 class=\"elementor-heading-title elementor-size-default\">Fliegende Reisende<\/h2>\t\t<\/div>\n\t\t\t\t<\/div>\n\t\t\t\t<div class=\"elementor-element elementor-element-27ec0ce elementor-icon-list--layout-inline elementor-align-left elementor-list-item-link-full_width elementor-widget elementor-widget-icon-list\" data-id=\"27ec0ce\" data-element_type=\"widget\" data-widget_type=\"icon-list.default\">\n\t\t\t\t<div class=\"elementor-widget-container\">\n\t\t\t\t\t<ul class=\"elementor-icon-list-items elementor-inline-items\">\n\t\t\t\t\t\t\t<li class=\"elementor-icon-list-item elementor-inline-item\">\n\t\t\t\t\t\t\t\t\t\t\t<span class=\"elementor-icon-list-icon\">\n\t\t\t\t\t\t\t<i aria-hidden=\"true\" class=\"fas fa-check-circle\"><\/i>\t\t\t\t\t\t<\/span>\n\t\t\t\t\t\t\t\t\t\t<span class=\"elementor-icon-list-text\">Tanz<\/span>\n\t\t\t\t\t\t\t\t\t<\/li>\n\t\t\t\t\t\t\t\t<li class=\"elementor-icon-list-item elementor-inline-item\">\n\t\t\t\t\t\t\t\t\t\t\t<span class=\"elementor-icon-list-icon\">\n\t\t\t\t\t\t\t<i aria-hidden=\"true\" class=\"fas fa-check-circle\"><\/i>\t\t\t\t\t\t<\/span>\n\t\t\t\t\t\t\t\t\t\t<span class=\"elementor-icon-list-text\">Geschichtenerz\u00e4hlen<\/span>\n\t\t\t\t\t\t\t\t\t<\/li>\n\t\t\t\t\t\t<\/ul>\n\t\t\t\t<\/div>\n\t\t\t\t<\/div>\n\t\t\t\t<div class=\"elementor-element elementor-element-7bdd87d elementor-widget-divider--separator-type-pattern elementor-widget-divider--view-line elementor-widget elementor-widget-divider\" data-id=\"7bdd87d\" data-element_type=\"widget\" data-widget_type=\"divider.default\">\n\t\t\t\t<div class=\"elementor-widget-container\">\n\t\t\t\t\t<div class=\"elementor-divider\" style=\"--divider-pattern-url: url(&quot;data:image\/svg+xml,%3Csvg xmlns=&#039;http:\/\/www.w3.org\/2000\/svg&#039; preserveAspectRatio=&#039;none&#039; overflow=&#039;visible&#039; height=&#039;100%&#039; viewBox=&#039;0 0 24 24&#039; fill=&#039;none&#039; stroke=&#039;black&#039; stroke-width=&#039;2&#039; stroke-linecap=&#039;square&#039; stroke-miterlimit=&#039;10&#039;%3E%3Cpath d=&#039;M0,21c3.3,0,8.3-0.9,15.7-7.1c6.6-5.4,4.4-9.3,2.4-10.3c-3.4-1.8-7.7,1.3-7.3,8.8C11.2,20,17.1,21,24,21&#039;\/%3E%3C\/svg%3E&quot;);\">\n\t\t\t<span class=\"elementor-divider-separator\">\n\t\t\t\t\t\t<\/span>\n\t\t<\/div>\n\t\t\t\t<\/div>\n\t\t\t\t<\/div>\n\t\t\t\t<div class=\"elementor-element elementor-element-2d333dd elementor-widget elementor-widget-text-editor\" data-id=\"2d333dd\" data-element_type=\"widget\" data-widget_type=\"text-editor.default\">\n\t\t\t\t<div class=\"elementor-widget-container\">\n\t\t\t\t\t\t\t<p>Der Wunsch zu tanzen reifte schon sehr fr\u00fch in Nicole. Bereits mit <strong><em>5 Jahren<\/em><\/strong> begann sie mit Ballett und stand bereits mit <strong><em>7 Jahren<\/em><\/strong> das erste Mal auf der B\u00fchne. Dieses B\u00fchnenfieber l\u00e4sst sie bis heute nicht mehr los. Neben <strong><em>amerikanischem Stepptanz<\/em><\/strong> interessierte sie sich bald auch f\u00fcr den <strong><em>Irish Dance<\/em><\/strong>, der sie bereits im Alter von <strong><em>18 Jahren<\/em><\/strong> auf Tournee mit der Show <strong><em>\u201cFlames of the dance\u201d<\/em><\/strong> brachte. <\/p>\n<p>Ihr K\u00f6nnen konnte sie auf diversen nationalen und internationalen Wettbewerben pr\u00e4sentieren und wurde mit zahlreichen Titeln u.a. dem <strong><em>1. Platz bei den Deutschen Meisterschaften<\/em><\/strong>, dem <strong><em>2. bei der Europameisterschaft<\/em><\/strong> und dem <strong><em>3. Platz bei der Weltmeisterschaft<\/em><\/strong> belohnt. Weitere B\u00fchnen riefen und im Jahr 2010 wurde sie im Cast von <strong><em>\u201cMagic of the dance\u201d<\/em><\/strong> aufgenommen und tanzte in bekannten H\u00e4usern, wie der <strong><em>Alten Oper<\/em><\/strong> in Frankfurt und dem Berliner <strong><em>Friedrichstadtpalast<\/em><\/strong>. Dass sie im Jahr 2014 bereits die Solistenrolle des <strong><em>\u201cShe-Devil\u201d<\/em><\/strong> zugesprochen bekommen w\u00fcrde, h\u00e4tte sie sich fr\u00fcher nicht tr\u00e4umen lassen. Doch als Teufelin tanzte sie sich durch ganz Europa. <\/p>\n<p>Nicht nur als T\u00e4nzerin konnte sich Nicole verwirklichen, sondern auch als Trainerin, u.a. <strong><em>des MDR Deutschen Fernsehballetts<\/em><\/strong>, dem Kom\u00f6dianten <strong><em>Sascha Grammel<\/em><\/strong>, sowie in ihrer eigenen Tanzschule <strong><em>Tap Connection Berlin<\/em><\/strong>. In der Show <strong><em>\u201cWorld of Pipe Rock and Irish Dance\u201d<\/em><\/strong> die das Publikum j\u00e4hrlich mit einem neuen Programm begeistert, kann sie ihr choreografisches und t\u00e4nzerisches Talent immer wieder unter Beweis stellen. Auch die kleinste B\u00fchne kann eine gro\u00dfe sein, wenn sie im Wohnzimmer vom ber\u00fchmten Violinisten Daniel Hope steht. So tanzte sie auf eben dieser im M\u00e4rz 2021 in der ARTE-Reihe <strong><em>\u201cEurope@Home\u201d<\/em><\/strong>.<\/p>\n\t\t\t\t\t\t<\/div>\n\t\t\t\t<\/div>\n\t\t\t\t\t<\/div>\n\t\t<\/div>\n\t\t\t\t\t\t\t<\/div>\n\t\t<\/section>\n\t\t\t\t<section class=\"elementor-section elementor-top-section elementor-element elementor-element-545012f elementor-section-boxed elementor-section-height-default elementor-section-height-default\" data-id=\"545012f\" data-element_type=\"section\" data-settings=\"{&quot;background_background&quot;:&quot;classic&quot;}\">\n\t\t\t\t\t\t<div class=\"elementor-container elementor-column-gap-default\">\n\t\t\t\t\t\t\t\t<\/div>\n\t\t<\/section>\n\t\t\t\t<section class=\"elementor-section elementor-top-section elementor-element elementor-element-4d32360 elementor-section-boxed elementor-section-height-default elementor-section-height-default\" data-id=\"4d32360\" data-element_type=\"section\" data-settings=\"{&quot;background_background&quot;:&quot;gradient&quot;,&quot;shape_divider_top&quot;:&quot;multi-wave&quot;,&quot;shape_divider_bottom&quot;:&quot;multi-wave&quot;}\">\n\t\t\t\t\t\t\t<div class=\"elementor-background-overlay\"><\/div>\n\t\t\t\t\t\t\t<div class=\"elementor-container elementor-column-gap-default\">\n\t\t\t\t\t<div class=\"elementor-column elementor-col-100 elementor-top-column elementor-element elementor-element-3379cc9\" data-id=\"3379cc9\" data-element_type=\"column\">\n\t\t\t<div class=\"elementor-widget-wrap elementor-element-populated\">\n\t\t\t\t\t\t\t\t<div class=\"elementor-element elementor-element-f76aefe uael-aspect-ratio-16_9 elementor-widget elementor-widget-uael-video\" data-id=\"f76aefe\" data-element_type=\"widget\" data-widget_type=\"uael-video.default\">\n\t\t\t\t<div class=\"elementor-widget-container\">\n\t\t\t\t\t\t\t<div class=\"uael-video__outer-wrap  uael-video-type-youtube uael-video-play-lightbox\" data-device=\"false\" data-vsticky=\"no\" data-hidedesktop=\"\" data-hidetablet=\"\" data-hidemobile=\"\" data-vsticky-viewport=\"0\" data-elementor-open-lightbox=\"yes\" data-elementor-lightbox=\"{&quot;type&quot;:&quot;video&quot;,&quot;videoType&quot;:&quot;youtube&quot;,&quot;url&quot;:&quot;https:\\\/\\\/www.youtube.com\\\/embed\\\/7AP7dCtt3Ik?rel=0&amp;start&amp;end&amp;controls=1&amp;mute=0&amp;modestbranding=0&amp;autoplay=1&quot;,&quot;modalOptions&quot;:{&quot;id&quot;:&quot;elementor-lightbox-f76aefe&quot;,&quot;entranceAnimation&quot;:&quot;&quot;,&quot;entranceAnimation_tablet&quot;:&quot;&quot;,&quot;entranceAnimation_mobile&quot;:&quot;&quot;,&quot;videoAspectRatio&quot;:&quot;169&quot;}}\">\r\n\t\t\t\t\t\t<div class=\"uael-video-inner-wrap\">\r\n\t\t\t\t<div class=\"uael-video__play\" data-src=\"https:\/\/www.youtube.com\/embed\/7AP7dCtt3Ik?rel=0&amp;start&amp;end&amp;controls=1&amp;mute=0&amp;modestbranding=0&amp;autoplay=1\">\r\n\t\t\t\t\t<img decoding=\"async\" class=\"uael-video__thumb\" src=\"https:\/\/www.scealta.de\/wp-content\/uploads\/2021\/07\/nicole_air_scealta.jpg\" alt=\"nicole_air_scealta\"><\/img>\r\n\t\t\t\t\t<div class=\"uael-video__play-icon uael-animation-\">\r\n\t\t\t\t\t\t<i aria-hidden=\"true\" class=\"fa fa-play-circle\"><\/i>\t\t\t\t\t<\/div>\r\n\t\t\t\t<\/div>\r\n\t\t\t\t\t\t\t\t\t\t\t<\/div>\r\n\t\t<\/div>\r\n\t\t\t\t\t<\/div>\n\t\t\t\t<\/div>\n\t\t\t\t\t<\/div>\n\t\t<\/div>\n\t\t\t\t\t\t\t<\/div>\n\t\t<\/section>\n\t\t\t\t\t\t\t<\/div>\n\t\t","protected":false},"excerpt":{"rendered":"<p>Nicole Ohnesorge facebook website Fliegende Reisende Tanz Geschichtenerz\u00e4hlen Der Wunsch zu tanzen reifte schon sehr fr\u00fch in Nicole. Bereits mit 5 Jahren begann sie mit Ballett und stand bereits mit 7 Jahren das erste Mal auf der B\u00fchne. Dieses B\u00fchnenfieber l\u00e4sst sie bis heute nicht mehr los. Neben amerikanischem Stepptanz interessierte sie sich bald auch &hellip;<\/p>\n<p class=\"read-more\"> <a class=\"\" href=\"https:\/\/www.scealta.de\/de\/nicole-ohnesorge\/\"> <span class=\"screen-reader-text\">Nicole Ohnesorge<\/span> Weiterlesen &raquo;<\/a><\/p>\n","protected":false},"author":1,"featured_media":0,"parent":0,"menu_order":0,"comment_status":"closed","ping_status":"closed","template":"","meta":{"inline_featured_image":false,"site-sidebar-layout":"no-sidebar","site-content-layout":"page-builder","ast-global-header-display":"","ast-banner-title-visibility":"","ast-main-header-display":"","ast-hfb-above-header-display":"","ast-hfb-below-header-display":"","ast-hfb-mobile-header-display":"","site-post-title":"disabled","ast-breadcrumbs-content":"","ast-featured-img":"disabled","footer-sml-layout":"","theme-transparent-header-meta":"default","adv-header-id-meta":"","stick-header-meta":"default","header-above-stick-meta":"","header-main-stick-meta":"","header-below-stick-meta":""},"yoast_head":"<!-- This site is optimized with the Yoast SEO plugin v20.11 - https:\/\/yoast.com\/wordpress\/plugins\/seo\/ -->\n<title>Nicole Ohnesorge &raquo; Sc\u00e9alta<\/title>\n<meta name=\"robots\" content=\"index, follow, max-snippet:-1, max-image-preview:large, max-video-preview:-1\" \/>\n<link rel=\"canonical\" href=\"https:\/\/www.scealta.de\/nicole-ohnesorge\/\" \/>\n<meta property=\"og:locale\" content=\"de_DE\" \/>\n<meta property=\"og:type\" content=\"article\" \/>\n<meta property=\"og:title\" content=\"Nicole Ohnesorge &raquo; Sc\u00e9alta\" \/>\n<meta property=\"og:description\" content=\"Nicole Ohnesorge facebook website Fliegende Reisende Tanz Geschichtenerz\u00e4hlen Der Wunsch zu tanzen reifte schon sehr fr\u00fch in Nicole. Bereits mit 5 Jahren begann sie mit Ballett und stand bereits mit 7 Jahren das erste Mal auf der B\u00fchne. Dieses B\u00fchnenfieber l\u00e4sst sie bis heute nicht mehr los. Neben amerikanischem Stepptanz interessierte sie sich bald auch &hellip; Nicole Ohnesorge Weiterlesen &raquo;\" \/>\n<meta property=\"og:url\" content=\"https:\/\/www.scealta.de\/nicole-ohnesorge\/\" \/>\n<meta property=\"og:site_name\" content=\"Sc\u00e9alta\" \/>\n<meta property=\"article:modified_time\" content=\"2021-11-30T11:25:29+00:00\" \/>\n<meta property=\"og:image\" content=\"https:\/\/www.scealta.de\/wp-content\/uploads\/2021\/08\/scealta_fb_banner.jpg\" \/>\n\t<meta property=\"og:image:width\" content=\"820\" \/>\n\t<meta property=\"og:image:height\" content=\"360\" \/>\n\t<meta property=\"og:image:type\" content=\"image\/jpeg\" \/>\n<meta name=\"twitter:card\" content=\"summary_large_image\" \/>\n<meta name=\"twitter:label1\" content=\"Gesch\u00e4tzte Lesezeit\" \/>\n\t<meta name=\"twitter:data1\" content=\"1\u00a0Minute\" \/>\n<script type=\"application\/ld+json\" class=\"yoast-schema-graph\">{\"@context\":\"https:\/\/schema.org\",\"@graph\":[{\"@type\":\"WebPage\",\"@id\":\"https:\/\/www.scealta.de\/nicole-ohnesorge\/\",\"url\":\"https:\/\/www.scealta.de\/nicole-ohnesorge\/\",\"name\":\"Nicole Ohnesorge &raquo; Sc\u00e9alta\",\"isPartOf\":{\"@id\":\"https:\/\/www.scealta.de\/#website\"},\"datePublished\":\"2021-08-05T10:29:51+00:00\",\"dateModified\":\"2021-11-30T11:25:29+00:00\",\"breadcrumb\":{\"@id\":\"https:\/\/www.scealta.de\/nicole-ohnesorge\/#breadcrumb\"},\"inLanguage\":\"de\",\"potentialAction\":[{\"@type\":\"ReadAction\",\"target\":[\"https:\/\/www.scealta.de\/nicole-ohnesorge\/\"]}]},{\"@type\":\"BreadcrumbList\",\"@id\":\"https:\/\/www.scealta.de\/nicole-ohnesorge\/#breadcrumb\",\"itemListElement\":[{\"@type\":\"ListItem\",\"position\":1,\"name\":\"Home\",\"item\":\"https:\/\/www.scealta.de\/\"},{\"@type\":\"ListItem\",\"position\":2,\"name\":\"Nicole Ohnesorge\"}]},{\"@type\":\"WebSite\",\"@id\":\"https:\/\/www.scealta.de\/#website\",\"url\":\"https:\/\/www.scealta.de\/\",\"name\":\"Sc\u00e9alta\",\"description\":\"Irland, Musik, Tanz, Geschichten\",\"publisher\":{\"@id\":\"https:\/\/www.scealta.de\/#organization\"},\"potentialAction\":[{\"@type\":\"SearchAction\",\"target\":{\"@type\":\"EntryPoint\",\"urlTemplate\":\"https:\/\/www.scealta.de\/?s={search_term_string}\"},\"query-input\":\"required name=search_term_string\"}],\"inLanguage\":\"de\"},{\"@type\":\"Organization\",\"@id\":\"https:\/\/www.scealta.de\/#organization\",\"name\":\"Sc\u00e9alta\",\"url\":\"https:\/\/www.scealta.de\/\",\"logo\":{\"@type\":\"ImageObject\",\"inLanguage\":\"de\",\"@id\":\"https:\/\/www.scealta.de\/#\/schema\/logo\/image\/\",\"url\":\"https:\/\/www.scealta.de\/wp-content\/uploads\/2021\/08\/scealta_logo.svg\",\"contentUrl\":\"https:\/\/www.scealta.de\/wp-content\/uploads\/2021\/08\/scealta_logo.svg\",\"width\":1,\"height\":1,\"caption\":\"Sc\u00e9alta\"},\"image\":{\"@id\":\"https:\/\/www.scealta.de\/#\/schema\/logo\/image\/\"}}]}<\/script>\n<!-- \/ Yoast SEO plugin. -->","yoast_head_json":{"title":"Nicole Ohnesorge &raquo; Sc\u00e9alta","robots":{"index":"index","follow":"follow","max-snippet":"max-snippet:-1","max-image-preview":"max-image-preview:large","max-video-preview":"max-video-preview:-1"},"canonical":"https:\/\/www.scealta.de\/nicole-ohnesorge\/","og_locale":"de_DE","og_type":"article","og_title":"Nicole Ohnesorge &raquo; Sc\u00e9alta","og_description":"Nicole Ohnesorge facebook website Fliegende Reisende Tanz Geschichtenerz\u00e4hlen Der Wunsch zu tanzen reifte schon sehr fr\u00fch in Nicole. Bereits mit 5 Jahren begann sie mit Ballett und stand bereits mit 7 Jahren das erste Mal auf der B\u00fchne. Dieses B\u00fchnenfieber l\u00e4sst sie bis heute nicht mehr los. Neben amerikanischem Stepptanz interessierte sie sich bald auch &hellip; Nicole Ohnesorge Weiterlesen &raquo;","og_url":"https:\/\/www.scealta.de\/nicole-ohnesorge\/","og_site_name":"Sc\u00e9alta","article_modified_time":"2021-11-30T11:25:29+00:00","og_image":[{"width":820,"height":360,"url":"https:\/\/www.scealta.de\/wp-content\/uploads\/2021\/08\/scealta_fb_banner.jpg","type":"image\/jpeg"}],"twitter_card":"summary_large_image","twitter_misc":{"Gesch\u00e4tzte Lesezeit":"1\u00a0Minute"},"schema":{"@context":"https:\/\/schema.org","@graph":[{"@type":"WebPage","@id":"https:\/\/www.scealta.de\/nicole-ohnesorge\/","url":"https:\/\/www.scealta.de\/nicole-ohnesorge\/","name":"Nicole Ohnesorge &raquo; Sc\u00e9alta","isPartOf":{"@id":"https:\/\/www.scealta.de\/#website"},"datePublished":"2021-08-05T10:29:51+00:00","dateModified":"2021-11-30T11:25:29+00:00","breadcrumb":{"@id":"https:\/\/www.scealta.de\/nicole-ohnesorge\/#breadcrumb"},"inLanguage":"de","potentialAction":[{"@type":"ReadAction","target":["https:\/\/www.scealta.de\/nicole-ohnesorge\/"]}]},{"@type":"BreadcrumbList","@id":"https:\/\/www.scealta.de\/nicole-ohnesorge\/#breadcrumb","itemListElement":[{"@type":"ListItem","position":1,"name":"Home","item":"https:\/\/www.scealta.de\/"},{"@type":"ListItem","position":2,"name":"Nicole Ohnesorge"}]},{"@type":"WebSite","@id":"https:\/\/www.scealta.de\/#website","url":"https:\/\/www.scealta.de\/","name":"Sc\u00e9alta","description":"Irland, Musik, Tanz, Geschichten","publisher":{"@id":"https:\/\/www.scealta.de\/#organization"},"potentialAction":[{"@type":"SearchAction","target":{"@type":"EntryPoint","urlTemplate":"https:\/\/www.scealta.de\/?s={search_term_string}"},"query-input":"required name=search_term_string"}],"inLanguage":"de"},{"@type":"Organization","@id":"https:\/\/www.scealta.de\/#organization","name":"Sc\u00e9alta","url":"https:\/\/www.scealta.de\/","logo":{"@type":"ImageObject","inLanguage":"de","@id":"https:\/\/www.scealta.de\/#\/schema\/logo\/image\/","url":"https:\/\/www.scealta.de\/wp-content\/uploads\/2021\/08\/scealta_logo.svg","contentUrl":"https:\/\/www.scealta.de\/wp-content\/uploads\/2021\/08\/scealta_logo.svg","width":1,"height":1,"caption":"Sc\u00e9alta"},"image":{"@id":"https:\/\/www.scealta.de\/#\/schema\/logo\/image\/"}}]}},"_links":{"self":[{"href":"https:\/\/www.scealta.de\/de\/wp-json\/wp\/v2\/pages\/2500"}],"collection":[{"href":"https:\/\/www.scealta.de\/de\/wp-json\/wp\/v2\/pages"}],"about":[{"href":"https:\/\/www.scealta.de\/de\/wp-json\/wp\/v2\/types\/page"}],"author":[{"embeddable":true,"href":"https:\/\/www.scealta.de\/de\/wp-json\/wp\/v2\/users\/1"}],"replies":[{"embeddable":true,"href":"https:\/\/www.scealta.de\/de\/wp-json\/wp\/v2\/comments?post=2500"}],"version-history":[{"count":3,"href":"https:\/\/www.scealta.de\/de\/wp-json\/wp\/v2\/pages\/2500\/revisions"}],"predecessor-version":[{"id":3309,"href":"https:\/\/www.scealta.de\/de\/wp-json\/wp\/v2\/pages\/2500\/revisions\/3309"}],"wp:attachment":[{"href":"https:\/\/www.scealta.de\/de\/wp-json\/wp\/v2\/media?parent=2500"}],"curies":[{"name":"wp","href":"https:\/\/api.w.org\/{rel}","templated":true}]}}