{"id":2495,"date":"2021-08-05T11:22:27","date_gmt":"2021-08-05T10:22:27","guid":{"rendered":"https:\/\/scealta.de\/danny-oconnor\/"},"modified":"2021-11-30T11:25:07","modified_gmt":"2021-11-30T11:25:07","slug":"danny-o-connor","status":"publish","type":"page","link":"https:\/\/www.scealta.de\/de\/danny-o-connor\/","title":{"rendered":"Danny O&#8217;Connor"},"content":{"rendered":"\t\t<div data-elementor-type=\"wp-page\" data-elementor-id=\"2495\" class=\"elementor elementor-2495 elementor-1760\">\n\t\t\t\t\t\t\t\t\t<section class=\"elementor-section elementor-top-section elementor-element elementor-element-8730dab elementor-section-boxed elementor-section-height-default elementor-section-height-default\" data-id=\"8730dab\" data-element_type=\"section\" data-settings=\"{&quot;background_background&quot;:&quot;gradient&quot;,&quot;shape_divider_top&quot;:&quot;curve&quot;,&quot;shape_divider_top_negative&quot;:&quot;yes&quot;,&quot;shape_divider_bottom&quot;:&quot;multi-wave&quot;}\">\n\t\t\t\t\t\t\t<div class=\"elementor-background-overlay\"><\/div>\n\t\t\t\t\t\t<div class=\"elementor-shape elementor-shape-top\" data-negative=\"true\">\n\t\t\t<svg xmlns=\"http:\/\/www.w3.org\/2000\/svg\" viewBox=\"0 0 1000 100\" preserveAspectRatio=\"none\">\n\t<path class=\"elementor-shape-fill\" d=\"M500,97C126.7,96.3,0.8,19.8,0,0v100l1000,0V1C1000,19.4,873.3,97.8,500,97z\"\/>\n<\/svg>\t\t<\/div>\n\t\t\t\t\t<div class=\"elementor-container elementor-column-gap-default\">\n\t\t\t\t\t<div class=\"elementor-column elementor-col-100 elementor-top-column elementor-element elementor-element-2fb61ba\" data-id=\"2fb61ba\" data-element_type=\"column\">\n\t\t\t<div class=\"elementor-widget-wrap elementor-element-populated\">\n\t\t\t\t\t\t\t\t<div class=\"elementor-element elementor-element-07d83dd elementor-widget elementor-widget-heading\" data-id=\"07d83dd\" data-element_type=\"widget\" data-widget_type=\"heading.default\">\n\t\t\t\t<div class=\"elementor-widget-container\">\n\t\t\t<h2 class=\"elementor-heading-title elementor-size-default\">Danny O'Connor<\/h2>\t\t<\/div>\n\t\t\t\t<\/div>\n\t\t\t\t\t<\/div>\n\t\t<\/div>\n\t\t\t\t\t\t\t<\/div>\n\t\t<\/section>\n\t\t\t\t<section class=\"elementor-section elementor-top-section elementor-element elementor-element-bn8t7lp elementor-section-boxed elementor-section-height-default elementor-section-height-default\" data-id=\"bn8t7lp\" data-element_type=\"section\" data-settings=\"{&quot;background_background&quot;:&quot;classic&quot;}\">\n\t\t\t\t\t\t<div class=\"elementor-container elementor-column-gap-default\">\n\t\t\t\t\t<div class=\"elementor-column elementor-col-50 elementor-top-column elementor-element elementor-element-745fd29 elementor-hidden-tablet elementor-hidden-phone\" data-id=\"745fd29\" data-element_type=\"column\">\n\t\t\t<div class=\"elementor-widget-wrap elementor-element-populated\">\n\t\t\t\t\t\t\t\t<div class=\"elementor-element elementor-element-3a16e54 elementor-align-center elementor-icon-list--layout-traditional elementor-list-item-link-full_width elementor-widget elementor-widget-icon-list\" data-id=\"3a16e54\" data-element_type=\"widget\" data-widget_type=\"icon-list.default\">\n\t\t\t\t<div class=\"elementor-widget-container\">\n\t\t\t\t\t<ul class=\"elementor-icon-list-items\">\n\t\t\t\t\t\t\t<li class=\"elementor-icon-list-item\">\n\t\t\t\t\t\t\t\t\t\t\t<a href=\"https:\/\/www.facebook.com\/dannyoconnormusic\" target=\"_blank\">\n\n\t\t\t\t\t\t\t\t\t\t\t\t<span class=\"elementor-icon-list-icon\">\n\t\t\t\t\t\t\t<i aria-hidden=\"true\" class=\"fab fa-facebook\"><\/i>\t\t\t\t\t\t<\/span>\n\t\t\t\t\t\t\t\t\t\t<span class=\"elementor-icon-list-text\">facebook<\/span>\n\t\t\t\t\t\t\t\t\t\t\t<\/a>\n\t\t\t\t\t\t\t\t\t<\/li>\n\t\t\t\t\t\t\t\t<li class=\"elementor-icon-list-item\">\n\t\t\t\t\t\t\t\t\t\t\t<a href=\"https:\/\/www.instagram.com\/dannyoconnormusic\/\" target=\"_blank\">\n\n\t\t\t\t\t\t\t\t\t\t\t\t<span class=\"elementor-icon-list-icon\">\n\t\t\t\t\t\t\t<i aria-hidden=\"true\" class=\"fab fa-instagram\"><\/i>\t\t\t\t\t\t<\/span>\n\t\t\t\t\t\t\t\t\t\t<span class=\"elementor-icon-list-text\">instagram<\/span>\n\t\t\t\t\t\t\t\t\t\t\t<\/a>\n\t\t\t\t\t\t\t\t\t<\/li>\n\t\t\t\t\t\t\t\t<li class=\"elementor-icon-list-item\">\n\t\t\t\t\t\t\t\t\t\t\t<a href=\"http:\/\/www.murphyslawfolk.com\" target=\"_blank\">\n\n\t\t\t\t\t\t\t\t\t\t\t\t<span class=\"elementor-icon-list-icon\">\n\t\t\t\t\t\t\t<i aria-hidden=\"true\" class=\"fas fa-link\"><\/i>\t\t\t\t\t\t<\/span>\n\t\t\t\t\t\t\t\t\t\t<span class=\"elementor-icon-list-text\">website<\/span>\n\t\t\t\t\t\t\t\t\t\t\t<\/a>\n\t\t\t\t\t\t\t\t\t<\/li>\n\t\t\t\t\t\t<\/ul>\n\t\t\t\t<\/div>\n\t\t\t\t<\/div>\n\t\t\t\t\t<\/div>\n\t\t<\/div>\n\t\t\t\t<div class=\"elementor-column elementor-col-50 elementor-top-column elementor-element elementor-element-f088365\" data-id=\"f088365\" data-element_type=\"column\">\n\t\t\t<div class=\"elementor-widget-wrap elementor-element-populated\">\n\t\t\t\t\t\t\t\t<div class=\"elementor-element elementor-element-0ef628b elementor-widget elementor-widget-heading\" data-id=\"0ef628b\" data-element_type=\"widget\" data-widget_type=\"heading.default\">\n\t\t\t\t<div class=\"elementor-widget-container\">\n\t\t\t<h2 class=\"elementor-heading-title elementor-size-default\">Der Surfende Gitarrist<\/h2>\t\t<\/div>\n\t\t\t\t<\/div>\n\t\t\t\t<div class=\"elementor-element elementor-element-27ec0ce elementor-icon-list--layout-inline elementor-align-left elementor-list-item-link-full_width elementor-widget elementor-widget-icon-list\" data-id=\"27ec0ce\" data-element_type=\"widget\" data-widget_type=\"icon-list.default\">\n\t\t\t\t<div class=\"elementor-widget-container\">\n\t\t\t\t\t<ul class=\"elementor-icon-list-items elementor-inline-items\">\n\t\t\t\t\t\t\t<li class=\"elementor-icon-list-item elementor-inline-item\">\n\t\t\t\t\t\t\t\t\t\t\t<span class=\"elementor-icon-list-icon\">\n\t\t\t\t\t\t\t<i aria-hidden=\"true\" class=\"fas fa-check-circle\"><\/i>\t\t\t\t\t\t<\/span>\n\t\t\t\t\t\t\t\t\t\t<span class=\"elementor-icon-list-text\">Gitarre<\/span>\n\t\t\t\t\t\t\t\t\t<\/li>\n\t\t\t\t\t\t\t\t<li class=\"elementor-icon-list-item elementor-inline-item\">\n\t\t\t\t\t\t\t\t\t\t\t<span class=\"elementor-icon-list-icon\">\n\t\t\t\t\t\t\t<i aria-hidden=\"true\" class=\"fas fa-check-circle\"><\/i>\t\t\t\t\t\t<\/span>\n\t\t\t\t\t\t\t\t\t\t<span class=\"elementor-icon-list-text\">Geschichtenerz\u00e4hlen<\/span>\n\t\t\t\t\t\t\t\t\t<\/li>\n\t\t\t\t\t\t\t\t<li class=\"elementor-icon-list-item elementor-inline-item\">\n\t\t\t\t\t\t\t\t\t\t\t<span class=\"elementor-icon-list-icon\">\n\t\t\t\t\t\t\t<i aria-hidden=\"true\" class=\"fas fa-check-circle\"><\/i>\t\t\t\t\t\t<\/span>\n\t\t\t\t\t\t\t\t\t\t<span class=\"elementor-icon-list-text\">Singen<\/span>\n\t\t\t\t\t\t\t\t\t<\/li>\n\t\t\t\t\t\t\t\t<li class=\"elementor-icon-list-item elementor-inline-item\">\n\t\t\t\t\t\t\t\t\t\t\t<span class=\"elementor-icon-list-icon\">\n\t\t\t\t\t\t\t<i aria-hidden=\"true\" class=\"fas fa-check-circle\"><\/i>\t\t\t\t\t\t<\/span>\n\t\t\t\t\t\t\t\t\t\t<span class=\"elementor-icon-list-text\">Schlagzeug<\/span>\n\t\t\t\t\t\t\t\t\t<\/li>\n\t\t\t\t\t\t<\/ul>\n\t\t\t\t<\/div>\n\t\t\t\t<\/div>\n\t\t\t\t<div class=\"elementor-element elementor-element-7bdd87d elementor-widget-divider--separator-type-pattern elementor-widget-divider--view-line elementor-widget elementor-widget-divider\" data-id=\"7bdd87d\" data-element_type=\"widget\" data-widget_type=\"divider.default\">\n\t\t\t\t<div class=\"elementor-widget-container\">\n\t\t\t\t\t<div class=\"elementor-divider\" style=\"--divider-pattern-url: url(&quot;data:image\/svg+xml,%3Csvg xmlns=&#039;http:\/\/www.w3.org\/2000\/svg&#039; preserveAspectRatio=&#039;none&#039; overflow=&#039;visible&#039; height=&#039;100%&#039; viewBox=&#039;0 0 24 24&#039; fill=&#039;none&#039; stroke=&#039;black&#039; stroke-width=&#039;2&#039; stroke-linecap=&#039;square&#039; stroke-miterlimit=&#039;10&#039;%3E%3Cpath d=&#039;M0,21c3.3,0,8.3-0.9,15.7-7.1c6.6-5.4,4.4-9.3,2.4-10.3c-3.4-1.8-7.7,1.3-7.3,8.8C11.2,20,17.1,21,24,21&#039;\/%3E%3C\/svg%3E&quot;);\">\n\t\t\t<span class=\"elementor-divider-separator\">\n\t\t\t\t\t\t<\/span>\n\t\t<\/div>\n\t\t\t\t<\/div>\n\t\t\t\t<\/div>\n\t\t\t\t<div class=\"elementor-element elementor-element-2d333dd elementor-widget elementor-widget-text-editor\" data-id=\"2d333dd\" data-element_type=\"widget\" data-widget_type=\"text-editor.default\">\n\t\t\t\t<div class=\"elementor-widget-container\">\n\t\t\t\t\t\t\t<p>Danny O&#8217;Connor ist an der <strong><em>Nordwestk\u00fcste Donegals<\/em><\/strong> aufgewachsen und verbrachte seine Jugendjahre damit \u00fcber die Wellen von Rossnowlagh zu <strong><em>surfen<\/em><\/strong>, w\u00e4hrend er nachts in den lokalen Bars Musik spielte. Seit langer Zeit gibt es allj\u00e4hrlich anfang August in seinem Heimatdorf Ballyshannon ein renommiertes <strong><em>Irish Folk Festival<\/em><\/strong>, zu dem die ganz gro\u00dfen Musiklegenden kommen. Da Dannys Eltern ein Bed &#038; Breakfast betrieben, erinnert sich der Musiker noch heute daran, wie er damals den ganz Gro\u00dfen wie <strong><em>De Dannann<\/em><\/strong> oder <strong><em>Dervish<\/em><\/strong> beim Proben in ihren Zimmern zuh\u00f6ren konnte. Das sollte seine eigene musikalische Karriere ma\u00dfgeblich beeinflussen.<\/p>\n<p>Im zweiten Studienjahr reiste Danny dann mit einem Studentenvisum nach <strong><em>Kalifornien<\/em><\/strong> und traf dort viele gleichgesinnte Musiker mit denen er nachts viele Sessions spielte. Sein R\u00fcckflug nach Irland war am geschichtstr\u00e4chtigen <strong><em>elften September 2001<\/em><\/strong> und er befand sich gerade in einer Maschine von Aer Lingus auf dem Weg nach Hause als das <strong><em>World Trade Center<\/em><\/strong> angegriffen wurde.<\/p>\n<p>Seit seinem Universit\u00e4tsabschluss 2003 lebt Danny als Musiker. Er war einige Jahre mit einer <strong><em>Rockband auf Tour<\/em><\/strong>, bevor er in <strong><em>Santa Ponsa -Mallorca<\/em><\/strong> ein dauerhaftes Engagement in einer lokalen Bar annahm. Hier lernte er die F\u00e4higkeit als Musiker <strong><em>Geschichten zu erz\u00e4hlen<\/em><\/strong> und verbrachte viele N\u00e4chte mit dem deutschen S\u00e4nger <strong><em>J\u00fcrgen Drews<\/em><\/strong> und der Prominenten <strong><em>Daniela Katzenberger<\/em><\/strong>. Sechs lange Sommer spielte er auf Mallorca und lernte nach einem seiner Konzerte eine <strong><em>sch\u00f6ne Frau kennen<\/em><\/strong>, mit der er schlie\u00dflic 2010 nach Berlin zog.<\/p>\n\t\t\t\t\t\t<\/div>\n\t\t\t\t<\/div>\n\t\t\t\t\t<\/div>\n\t\t<\/div>\n\t\t\t\t\t\t\t<\/div>\n\t\t<\/section>\n\t\t\t\t<section class=\"elementor-section elementor-top-section elementor-element elementor-element-545012f elementor-section-boxed elementor-section-height-default elementor-section-height-default\" data-id=\"545012f\" data-element_type=\"section\" data-settings=\"{&quot;background_background&quot;:&quot;classic&quot;}\">\n\t\t\t\t\t\t<div class=\"elementor-container elementor-column-gap-default\">\n\t\t\t\t\t\t\t\t<\/div>\n\t\t<\/section>\n\t\t\t\t<section class=\"elementor-section elementor-top-section elementor-element elementor-element-4d32360 elementor-section-boxed elementor-section-height-default elementor-section-height-default\" data-id=\"4d32360\" data-element_type=\"section\" data-settings=\"{&quot;background_background&quot;:&quot;gradient&quot;,&quot;shape_divider_top&quot;:&quot;multi-wave&quot;,&quot;shape_divider_bottom&quot;:&quot;multi-wave&quot;}\">\n\t\t\t\t\t\t\t<div class=\"elementor-background-overlay\"><\/div>\n\t\t\t\t\t\t\t<div class=\"elementor-container elementor-column-gap-default\">\n\t\t\t\t\t<div class=\"elementor-column elementor-col-100 elementor-top-column elementor-element elementor-element-3379cc9\" data-id=\"3379cc9\" data-element_type=\"column\">\n\t\t\t<div class=\"elementor-widget-wrap elementor-element-populated\">\n\t\t\t\t\t\t\t\t<div class=\"elementor-element elementor-element-f76aefe uael-aspect-ratio-16_9 elementor-widget elementor-widget-uael-video\" data-id=\"f76aefe\" data-element_type=\"widget\" data-widget_type=\"uael-video.default\">\n\t\t\t\t<div class=\"elementor-widget-container\">\n\t\t\t\t\t\t\t<div class=\"uael-video__outer-wrap  uael-video-type-youtube uael-video-play-lightbox\" data-device=\"false\" data-vsticky=\"no\" data-hidedesktop=\"\" data-hidetablet=\"\" data-hidemobile=\"\" data-vsticky-viewport=\"0\" data-elementor-open-lightbox=\"yes\" data-elementor-lightbox=\"{&quot;type&quot;:&quot;video&quot;,&quot;videoType&quot;:&quot;youtube&quot;,&quot;url&quot;:&quot;https:\\\/\\\/www.youtube.com\\\/embed\\\/H0AXoNkZ5QI?rel=0&amp;start&amp;end&amp;controls=1&amp;mute=0&amp;modestbranding=0&amp;autoplay=1&quot;,&quot;modalOptions&quot;:{&quot;id&quot;:&quot;elementor-lightbox-f76aefe&quot;,&quot;entranceAnimation&quot;:&quot;&quot;,&quot;entranceAnimation_tablet&quot;:&quot;&quot;,&quot;entranceAnimation_mobile&quot;:&quot;&quot;,&quot;videoAspectRatio&quot;:&quot;169&quot;}}\">\r\n\t\t\t\t\t\t<div class=\"uael-video-inner-wrap\">\r\n\t\t\t\t<div class=\"uael-video__play\" data-src=\"https:\/\/www.youtube.com\/embed\/H0AXoNkZ5QI?rel=0&amp;start&amp;end&amp;controls=1&amp;mute=0&amp;modestbranding=0&amp;autoplay=1\">\r\n\t\t\t\t\t<img decoding=\"async\" class=\"uael-video__thumb\" src=\"https:\/\/www.scealta.de\/wp-content\/uploads\/2021\/07\/danny_bio_scealta_video.jpg\" alt=\"danny_bio_scealta_video\"><\/img>\r\n\t\t\t\t\t<div class=\"uael-video__play-icon uael-animation-wobble-vertical\">\r\n\t\t\t\t\t\t<i aria-hidden=\"true\" class=\"fa fa-play-circle\"><\/i>\t\t\t\t\t<\/div>\r\n\t\t\t\t<\/div>\r\n\t\t\t\t\t\t\t\t\t\t\t<\/div>\r\n\t\t<\/div>\r\n\t\t\t\t\t<\/div>\n\t\t\t\t<\/div>\n\t\t\t\t\t<\/div>\n\t\t<\/div>\n\t\t\t\t\t\t\t<\/div>\n\t\t<\/section>\n\t\t\t\t\t\t\t<\/div>\n\t\t","protected":false},"excerpt":{"rendered":"<p>Danny O&#8217;Connor facebook instagram website Der Surfende Gitarrist Gitarre Geschichtenerz\u00e4hlen Singen Schlagzeug Danny O&#8217;Connor ist an der Nordwestk\u00fcste Donegals aufgewachsen und verbrachte seine Jugendjahre damit \u00fcber die Wellen von Rossnowlagh zu surfen, w\u00e4hrend er nachts in den lokalen Bars Musik spielte. Seit langer Zeit gibt es allj\u00e4hrlich anfang August in seinem Heimatdorf Ballyshannon ein renommiertes &hellip;<\/p>\n<p class=\"read-more\"> <a class=\"\" href=\"https:\/\/www.scealta.de\/de\/danny-o-connor\/\"> <span class=\"screen-reader-text\">Danny O&#8217;Connor<\/span> Weiterlesen &raquo;<\/a><\/p>\n","protected":false},"author":1,"featured_media":0,"parent":0,"menu_order":0,"comment_status":"closed","ping_status":"closed","template":"","meta":{"inline_featured_image":false,"site-sidebar-layout":"no-sidebar","site-content-layout":"page-builder","ast-global-header-display":"","ast-banner-title-visibility":"","ast-main-header-display":"","ast-hfb-above-header-display":"","ast-hfb-below-header-display":"","ast-hfb-mobile-header-display":"","site-post-title":"disabled","ast-breadcrumbs-content":"","ast-featured-img":"disabled","footer-sml-layout":"","theme-transparent-header-meta":"default","adv-header-id-meta":"","stick-header-meta":"default","header-above-stick-meta":"","header-main-stick-meta":"","header-below-stick-meta":""},"yoast_head":"<!-- This site is optimized with the Yoast SEO plugin v20.11 - https:\/\/yoast.com\/wordpress\/plugins\/seo\/ -->\n<title>Danny O&#039;Connor &raquo; Sc\u00e9alta<\/title>\n<meta name=\"robots\" content=\"index, follow, max-snippet:-1, max-image-preview:large, max-video-preview:-1\" \/>\n<link rel=\"canonical\" href=\"https:\/\/www.scealta.de\/danny-o-connor\/\" \/>\n<meta property=\"og:locale\" content=\"de_DE\" \/>\n<meta property=\"og:type\" content=\"article\" \/>\n<meta property=\"og:title\" content=\"Danny O&#039;Connor &raquo; Sc\u00e9alta\" \/>\n<meta property=\"og:description\" content=\"Danny O&#8217;Connor facebook instagram website Der Surfende Gitarrist Gitarre Geschichtenerz\u00e4hlen Singen Schlagzeug Danny O&#8217;Connor ist an der Nordwestk\u00fcste Donegals aufgewachsen und verbrachte seine Jugendjahre damit \u00fcber die Wellen von Rossnowlagh zu surfen, w\u00e4hrend er nachts in den lokalen Bars Musik spielte. Seit langer Zeit gibt es allj\u00e4hrlich anfang August in seinem Heimatdorf Ballyshannon ein renommiertes &hellip; Danny O&#8217;Connor Weiterlesen &raquo;\" \/>\n<meta property=\"og:url\" content=\"https:\/\/www.scealta.de\/danny-o-connor\/\" \/>\n<meta property=\"og:site_name\" content=\"Sc\u00e9alta\" \/>\n<meta property=\"article:modified_time\" content=\"2021-11-30T11:25:07+00:00\" \/>\n<meta property=\"og:image\" content=\"https:\/\/www.scealta.de\/wp-content\/uploads\/2021\/08\/scealta_fb_banner.jpg\" \/>\n\t<meta property=\"og:image:width\" content=\"820\" \/>\n\t<meta property=\"og:image:height\" content=\"360\" \/>\n\t<meta property=\"og:image:type\" content=\"image\/jpeg\" \/>\n<meta name=\"twitter:card\" content=\"summary_large_image\" \/>\n<meta name=\"twitter:label1\" content=\"Gesch\u00e4tzte Lesezeit\" \/>\n\t<meta name=\"twitter:data1\" content=\"1\u00a0Minute\" \/>\n<script type=\"application\/ld+json\" class=\"yoast-schema-graph\">{\"@context\":\"https:\/\/schema.org\",\"@graph\":[{\"@type\":\"WebPage\",\"@id\":\"https:\/\/www.scealta.de\/danny-o-connor\/\",\"url\":\"https:\/\/www.scealta.de\/danny-o-connor\/\",\"name\":\"Danny O'Connor &raquo; Sc\u00e9alta\",\"isPartOf\":{\"@id\":\"https:\/\/www.scealta.de\/#website\"},\"datePublished\":\"2021-08-05T10:22:27+00:00\",\"dateModified\":\"2021-11-30T11:25:07+00:00\",\"breadcrumb\":{\"@id\":\"https:\/\/www.scealta.de\/danny-o-connor\/#breadcrumb\"},\"inLanguage\":\"de\",\"potentialAction\":[{\"@type\":\"ReadAction\",\"target\":[\"https:\/\/www.scealta.de\/danny-o-connor\/\"]}]},{\"@type\":\"BreadcrumbList\",\"@id\":\"https:\/\/www.scealta.de\/danny-o-connor\/#breadcrumb\",\"itemListElement\":[{\"@type\":\"ListItem\",\"position\":1,\"name\":\"Home\",\"item\":\"https:\/\/www.scealta.de\/\"},{\"@type\":\"ListItem\",\"position\":2,\"name\":\"Danny O&#8217;Connor\"}]},{\"@type\":\"WebSite\",\"@id\":\"https:\/\/www.scealta.de\/#website\",\"url\":\"https:\/\/www.scealta.de\/\",\"name\":\"Sc\u00e9alta\",\"description\":\"Irland, Musik, Tanz, Geschichten\",\"publisher\":{\"@id\":\"https:\/\/www.scealta.de\/#organization\"},\"potentialAction\":[{\"@type\":\"SearchAction\",\"target\":{\"@type\":\"EntryPoint\",\"urlTemplate\":\"https:\/\/www.scealta.de\/?s={search_term_string}\"},\"query-input\":\"required name=search_term_string\"}],\"inLanguage\":\"de\"},{\"@type\":\"Organization\",\"@id\":\"https:\/\/www.scealta.de\/#organization\",\"name\":\"Sc\u00e9alta\",\"url\":\"https:\/\/www.scealta.de\/\",\"logo\":{\"@type\":\"ImageObject\",\"inLanguage\":\"de\",\"@id\":\"https:\/\/www.scealta.de\/#\/schema\/logo\/image\/\",\"url\":\"https:\/\/www.scealta.de\/wp-content\/uploads\/2021\/08\/scealta_logo.svg\",\"contentUrl\":\"https:\/\/www.scealta.de\/wp-content\/uploads\/2021\/08\/scealta_logo.svg\",\"width\":1,\"height\":1,\"caption\":\"Sc\u00e9alta\"},\"image\":{\"@id\":\"https:\/\/www.scealta.de\/#\/schema\/logo\/image\/\"}}]}<\/script>\n<!-- \/ Yoast SEO plugin. -->","yoast_head_json":{"title":"Danny O'Connor &raquo; Sc\u00e9alta","robots":{"index":"index","follow":"follow","max-snippet":"max-snippet:-1","max-image-preview":"max-image-preview:large","max-video-preview":"max-video-preview:-1"},"canonical":"https:\/\/www.scealta.de\/danny-o-connor\/","og_locale":"de_DE","og_type":"article","og_title":"Danny O'Connor &raquo; Sc\u00e9alta","og_description":"Danny O&#8217;Connor facebook instagram website Der Surfende Gitarrist Gitarre Geschichtenerz\u00e4hlen Singen Schlagzeug Danny O&#8217;Connor ist an der Nordwestk\u00fcste Donegals aufgewachsen und verbrachte seine Jugendjahre damit \u00fcber die Wellen von Rossnowlagh zu surfen, w\u00e4hrend er nachts in den lokalen Bars Musik spielte. Seit langer Zeit gibt es allj\u00e4hrlich anfang August in seinem Heimatdorf Ballyshannon ein renommiertes &hellip; Danny O&#8217;Connor Weiterlesen &raquo;","og_url":"https:\/\/www.scealta.de\/danny-o-connor\/","og_site_name":"Sc\u00e9alta","article_modified_time":"2021-11-30T11:25:07+00:00","og_image":[{"width":820,"height":360,"url":"https:\/\/www.scealta.de\/wp-content\/uploads\/2021\/08\/scealta_fb_banner.jpg","type":"image\/jpeg"}],"twitter_card":"summary_large_image","twitter_misc":{"Gesch\u00e4tzte Lesezeit":"1\u00a0Minute"},"schema":{"@context":"https:\/\/schema.org","@graph":[{"@type":"WebPage","@id":"https:\/\/www.scealta.de\/danny-o-connor\/","url":"https:\/\/www.scealta.de\/danny-o-connor\/","name":"Danny O'Connor &raquo; Sc\u00e9alta","isPartOf":{"@id":"https:\/\/www.scealta.de\/#website"},"datePublished":"2021-08-05T10:22:27+00:00","dateModified":"2021-11-30T11:25:07+00:00","breadcrumb":{"@id":"https:\/\/www.scealta.de\/danny-o-connor\/#breadcrumb"},"inLanguage":"de","potentialAction":[{"@type":"ReadAction","target":["https:\/\/www.scealta.de\/danny-o-connor\/"]}]},{"@type":"BreadcrumbList","@id":"https:\/\/www.scealta.de\/danny-o-connor\/#breadcrumb","itemListElement":[{"@type":"ListItem","position":1,"name":"Home","item":"https:\/\/www.scealta.de\/"},{"@type":"ListItem","position":2,"name":"Danny O&#8217;Connor"}]},{"@type":"WebSite","@id":"https:\/\/www.scealta.de\/#website","url":"https:\/\/www.scealta.de\/","name":"Sc\u00e9alta","description":"Irland, Musik, Tanz, Geschichten","publisher":{"@id":"https:\/\/www.scealta.de\/#organization"},"potentialAction":[{"@type":"SearchAction","target":{"@type":"EntryPoint","urlTemplate":"https:\/\/www.scealta.de\/?s={search_term_string}"},"query-input":"required name=search_term_string"}],"inLanguage":"de"},{"@type":"Organization","@id":"https:\/\/www.scealta.de\/#organization","name":"Sc\u00e9alta","url":"https:\/\/www.scealta.de\/","logo":{"@type":"ImageObject","inLanguage":"de","@id":"https:\/\/www.scealta.de\/#\/schema\/logo\/image\/","url":"https:\/\/www.scealta.de\/wp-content\/uploads\/2021\/08\/scealta_logo.svg","contentUrl":"https:\/\/www.scealta.de\/wp-content\/uploads\/2021\/08\/scealta_logo.svg","width":1,"height":1,"caption":"Sc\u00e9alta"},"image":{"@id":"https:\/\/www.scealta.de\/#\/schema\/logo\/image\/"}}]}},"_links":{"self":[{"href":"https:\/\/www.scealta.de\/de\/wp-json\/wp\/v2\/pages\/2495"}],"collection":[{"href":"https:\/\/www.scealta.de\/de\/wp-json\/wp\/v2\/pages"}],"about":[{"href":"https:\/\/www.scealta.de\/de\/wp-json\/wp\/v2\/types\/page"}],"author":[{"embeddable":true,"href":"https:\/\/www.scealta.de\/de\/wp-json\/wp\/v2\/users\/1"}],"replies":[{"embeddable":true,"href":"https:\/\/www.scealta.de\/de\/wp-json\/wp\/v2\/comments?post=2495"}],"version-history":[{"count":3,"href":"https:\/\/www.scealta.de\/de\/wp-json\/wp\/v2\/pages\/2495\/revisions"}],"predecessor-version":[{"id":3307,"href":"https:\/\/www.scealta.de\/de\/wp-json\/wp\/v2\/pages\/2495\/revisions\/3307"}],"wp:attachment":[{"href":"https:\/\/www.scealta.de\/de\/wp-json\/wp\/v2\/media?parent=2495"}],"curies":[{"name":"wp","href":"https:\/\/api.w.org\/{rel}","templated":true}]}}