{"id":2485,"date":"2021-08-05T11:04:29","date_gmt":"2021-08-05T10:04:29","guid":{"rendered":"https:\/\/scealta.de\/patrizia-sieweck\/"},"modified":"2021-11-30T11:25:39","modified_gmt":"2021-11-30T11:25:39","slug":"patrizia-sieweck","status":"publish","type":"page","link":"https:\/\/www.scealta.de\/de\/patrizia-sieweck\/","title":{"rendered":"Patrizia Sieweck"},"content":{"rendered":"\t\t<div data-elementor-type=\"wp-page\" data-elementor-id=\"2485\" class=\"elementor elementor-2485 elementor-2186\">\n\t\t\t\t\t\t\t\t\t<section class=\"elementor-section elementor-top-section elementor-element elementor-element-8730dab elementor-section-boxed elementor-section-height-default elementor-section-height-default\" data-id=\"8730dab\" data-element_type=\"section\" data-settings=\"{&quot;background_background&quot;:&quot;gradient&quot;,&quot;shape_divider_top&quot;:&quot;curve&quot;,&quot;shape_divider_top_negative&quot;:&quot;yes&quot;,&quot;shape_divider_bottom&quot;:&quot;multi-wave&quot;}\">\n\t\t\t\t\t\t\t<div class=\"elementor-background-overlay\"><\/div>\n\t\t\t\t\t\t<div class=\"elementor-shape elementor-shape-top\" data-negative=\"true\">\n\t\t\t<svg xmlns=\"http:\/\/www.w3.org\/2000\/svg\" viewBox=\"0 0 1000 100\" preserveAspectRatio=\"none\">\n\t<path class=\"elementor-shape-fill\" d=\"M500,97C126.7,96.3,0.8,19.8,0,0v100l1000,0V1C1000,19.4,873.3,97.8,500,97z\"\/>\n<\/svg>\t\t<\/div>\n\t\t\t\t\t<div class=\"elementor-container elementor-column-gap-default\">\n\t\t\t\t\t<div class=\"elementor-column elementor-col-100 elementor-top-column elementor-element elementor-element-2fb61ba\" data-id=\"2fb61ba\" data-element_type=\"column\">\n\t\t\t<div class=\"elementor-widget-wrap elementor-element-populated\">\n\t\t\t\t\t\t\t\t<div class=\"elementor-element elementor-element-07d83dd elementor-widget elementor-widget-heading\" data-id=\"07d83dd\" data-element_type=\"widget\" data-widget_type=\"heading.default\">\n\t\t\t\t<div class=\"elementor-widget-container\">\n\t\t\t<h2 class=\"elementor-heading-title elementor-size-default\">Patrizia Sieweck<\/h2>\t\t<\/div>\n\t\t\t\t<\/div>\n\t\t\t\t\t<\/div>\n\t\t<\/div>\n\t\t\t\t\t\t\t<\/div>\n\t\t<\/section>\n\t\t\t\t<section class=\"elementor-section elementor-top-section elementor-element elementor-element-bn8t7lp elementor-section-boxed elementor-section-height-default elementor-section-height-default\" data-id=\"bn8t7lp\" data-element_type=\"section\" data-settings=\"{&quot;background_background&quot;:&quot;classic&quot;}\">\n\t\t\t\t\t\t<div class=\"elementor-container elementor-column-gap-default\">\n\t\t\t\t\t<div class=\"elementor-column elementor-col-50 elementor-top-column elementor-element elementor-element-745fd29 elementor-hidden-tablet elementor-hidden-phone\" data-id=\"745fd29\" data-element_type=\"column\">\n\t\t\t<div class=\"elementor-widget-wrap elementor-element-populated\">\n\t\t\t\t\t\t\t\t<div class=\"elementor-element elementor-element-d8d1915 elementor-align-center elementor-icon-list--layout-traditional elementor-list-item-link-full_width elementor-widget elementor-widget-icon-list\" data-id=\"d8d1915\" data-element_type=\"widget\" data-widget_type=\"icon-list.default\">\n\t\t\t\t<div class=\"elementor-widget-container\">\n\t\t\t\t\t<ul class=\"elementor-icon-list-items\">\n\t\t\t\t\t\t\t<li class=\"elementor-icon-list-item\">\n\t\t\t\t\t\t\t\t\t\t\t<a href=\"https:\/\/www.facebook.com\/patrizia.sieweck\" target=\"_blank\">\n\n\t\t\t\t\t\t\t\t\t\t\t\t<span class=\"elementor-icon-list-icon\">\n\t\t\t\t\t\t\t<i aria-hidden=\"true\" class=\"fab fa-facebook\"><\/i>\t\t\t\t\t\t<\/span>\n\t\t\t\t\t\t\t\t\t\t<span class=\"elementor-icon-list-text\">facebook<\/span>\n\t\t\t\t\t\t\t\t\t\t\t<\/a>\n\t\t\t\t\t\t\t\t\t<\/li>\n\t\t\t\t\t\t\t\t<li class=\"elementor-icon-list-item\">\n\t\t\t\t\t\t\t\t\t\t\t<a href=\"https:\/\/www.patrizia-sieweck.com\/\" target=\"_blank\">\n\n\t\t\t\t\t\t\t\t\t\t\t\t<span class=\"elementor-icon-list-icon\">\n\t\t\t\t\t\t\t<i aria-hidden=\"true\" class=\"fas fa-link\"><\/i>\t\t\t\t\t\t<\/span>\n\t\t\t\t\t\t\t\t\t\t<span class=\"elementor-icon-list-text\">website<\/span>\n\t\t\t\t\t\t\t\t\t\t\t<\/a>\n\t\t\t\t\t\t\t\t\t<\/li>\n\t\t\t\t\t\t<\/ul>\n\t\t\t\t<\/div>\n\t\t\t\t<\/div>\n\t\t\t\t\t<\/div>\n\t\t<\/div>\n\t\t\t\t<div class=\"elementor-column elementor-col-50 elementor-top-column elementor-element elementor-element-f088365\" data-id=\"f088365\" data-element_type=\"column\">\n\t\t\t<div class=\"elementor-widget-wrap elementor-element-populated\">\n\t\t\t\t\t\t\t\t<div class=\"elementor-element elementor-element-0ef628b elementor-widget elementor-widget-heading\" data-id=\"0ef628b\" data-element_type=\"widget\" data-widget_type=\"heading.default\">\n\t\t\t\t<div class=\"elementor-widget-container\">\n\t\t\t<h2 class=\"elementor-heading-title elementor-size-default\">Geigerin des Meeres<\/h2>\t\t<\/div>\n\t\t\t\t<\/div>\n\t\t\t\t<div class=\"elementor-element elementor-element-27ec0ce elementor-icon-list--layout-inline elementor-align-left elementor-list-item-link-full_width elementor-widget elementor-widget-icon-list\" data-id=\"27ec0ce\" data-element_type=\"widget\" data-widget_type=\"icon-list.default\">\n\t\t\t\t<div class=\"elementor-widget-container\">\n\t\t\t\t\t<ul class=\"elementor-icon-list-items elementor-inline-items\">\n\t\t\t\t\t\t\t<li class=\"elementor-icon-list-item elementor-inline-item\">\n\t\t\t\t\t\t\t\t\t\t\t<span class=\"elementor-icon-list-icon\">\n\t\t\t\t\t\t\t<i aria-hidden=\"true\" class=\"fas fa-check-circle\"><\/i>\t\t\t\t\t\t<\/span>\n\t\t\t\t\t\t\t\t\t\t<span class=\"elementor-icon-list-text\">Geigerin<\/span>\n\t\t\t\t\t\t\t\t\t<\/li>\n\t\t\t\t\t\t\t\t<li class=\"elementor-icon-list-item elementor-inline-item\">\n\t\t\t\t\t\t\t\t\t\t\t<span class=\"elementor-icon-list-icon\">\n\t\t\t\t\t\t\t<i aria-hidden=\"true\" class=\"fas fa-check-circle\"><\/i>\t\t\t\t\t\t<\/span>\n\t\t\t\t\t\t\t\t\t\t<span class=\"elementor-icon-list-text\">Geschichtenerz\u00e4hlen<\/span>\n\t\t\t\t\t\t\t\t\t<\/li>\n\t\t\t\t\t\t\t\t<li class=\"elementor-icon-list-item elementor-inline-item\">\n\t\t\t\t\t\t\t\t\t\t\t<span class=\"elementor-icon-list-icon\">\n\t\t\t\t\t\t\t<i aria-hidden=\"true\" class=\"fas fa-check-circle\"><\/i>\t\t\t\t\t\t<\/span>\n\t\t\t\t\t\t\t\t\t\t<span class=\"elementor-icon-list-text\">Banjo<\/span>\n\t\t\t\t\t\t\t\t\t<\/li>\n\t\t\t\t\t\t\t\t<li class=\"elementor-icon-list-item elementor-inline-item\">\n\t\t\t\t\t\t\t\t\t\t\t<span class=\"elementor-icon-list-icon\">\n\t\t\t\t\t\t\t<i aria-hidden=\"true\" class=\"fas fa-check-circle\"><\/i>\t\t\t\t\t\t<\/span>\n\t\t\t\t\t\t\t\t\t\t<span class=\"elementor-icon-list-text\">Singen<\/span>\n\t\t\t\t\t\t\t\t\t<\/li>\n\t\t\t\t\t\t<\/ul>\n\t\t\t\t<\/div>\n\t\t\t\t<\/div>\n\t\t\t\t<div class=\"elementor-element elementor-element-7bdd87d elementor-widget-divider--separator-type-pattern elementor-widget-divider--view-line elementor-widget elementor-widget-divider\" data-id=\"7bdd87d\" data-element_type=\"widget\" data-widget_type=\"divider.default\">\n\t\t\t\t<div class=\"elementor-widget-container\">\n\t\t\t\t\t<div class=\"elementor-divider\" style=\"--divider-pattern-url: url(&quot;data:image\/svg+xml,%3Csvg xmlns=&#039;http:\/\/www.w3.org\/2000\/svg&#039; preserveAspectRatio=&#039;none&#039; overflow=&#039;visible&#039; height=&#039;100%&#039; viewBox=&#039;0 0 24 24&#039; fill=&#039;none&#039; stroke=&#039;black&#039; stroke-width=&#039;2&#039; stroke-linecap=&#039;square&#039; stroke-miterlimit=&#039;10&#039;%3E%3Cpath d=&#039;M0,21c3.3,0,8.3-0.9,15.7-7.1c6.6-5.4,4.4-9.3,2.4-10.3c-3.4-1.8-7.7,1.3-7.3,8.8C11.2,20,17.1,21,24,21&#039;\/%3E%3C\/svg%3E&quot;);\">\n\t\t\t<span class=\"elementor-divider-separator\">\n\t\t\t\t\t\t<\/span>\n\t\t<\/div>\n\t\t\t\t<\/div>\n\t\t\t\t<\/div>\n\t\t\t\t<div class=\"elementor-element elementor-element-2d333dd elementor-widget elementor-widget-text-editor\" data-id=\"2d333dd\" data-element_type=\"widget\" data-widget_type=\"text-editor.default\">\n\t\t\t\t<div class=\"elementor-widget-container\">\n\t\t\t\t\t\t\t<p>Patrizia Sieweck hat viele Jahre in <em><strong>Glandore<\/strong><\/em>, an der s\u00fcdwestlichen Atlantikk\u00fcste Irlands, gelebt und hat sich schon fr\u00fch der irischen Musik verschrieben. Die geb\u00fcrtige Deutsche war dort in ihrer Schulzeit Teil einer regen <em><strong>Segelszene<\/strong><\/em> und hat daher ein besonderes Interesse an Shanties und Seemannsliedern. Aber der listige Nordwind rief nach ihr und sie tauschte den wilden Atlantik gegen Wien und seine blaue Donau. Das bedeutete f\u00fcr die <em><strong>Gitarristin, Banjospielerin, S\u00e4ngerin<\/strong> <\/em> und <em><strong>Geigerin<\/strong><\/em> eine aufregende Zeit an Sessions, Festivals und Road Trips.<\/p>\n<p>Auf diesen Reisen und Sessions lernte sie au\u00dferdem die <strong>kanadische, schwedische<\/strong><em> und <strong>amerikanische Folkmusik<\/strong><\/em> besser kennen. Viele Besuche auf vorwiegend irischen Festivals und Workshops in ganz Europa pr\u00e4gten au\u00dferdem ihren lebhaften Geigen-Stil und ihr reiches Repertoire an Instrumentalst\u00fccken und Liedern.<\/p>\n<p>Doch der Nordwind rief noch immer nach ihr und von der <strong><em>blauen Donau<\/em><\/strong> kam sie so an die <em><strong>Spree \u2013 nach Berlin<\/strong><\/em><\/strong> \u2013 wo neue Freunde und neue musikalische Herausforderungen auf die Geigerin warteten.<\/p>\n<p>Die Multiinstrumentalistin ist heute unter anderem Teil der erfolgreichen Show <em><strong>Cornamusa \u2013 World of Pipe Rock and Irish Dance<\/strong><\/em>, mit der sie viel Zeit auf Tour verbringt und ferne St\u00e4dte und Landschaften kennen lernt. Auch regelm\u00e4\u00dfige Auftritte mit <em><strong>Murphy&#8217;s Law<\/strong><\/em><\/strong> und eine Karriere als Solok\u00fcnstlerin sind Teil ihres k\u00fcnstlerischen Schaffens. 2021 folgte sogar ein Auftritt bei <em><strong>Arte Concert<\/strong><\/em>.<\/p>\n\t\t\t\t\t\t<\/div>\n\t\t\t\t<\/div>\n\t\t\t\t\t<\/div>\n\t\t<\/div>\n\t\t\t\t\t\t\t<\/div>\n\t\t<\/section>\n\t\t\t\t<section class=\"elementor-section elementor-top-section elementor-element elementor-element-545012f elementor-section-boxed elementor-section-height-default elementor-section-height-default\" data-id=\"545012f\" data-element_type=\"section\" data-settings=\"{&quot;background_background&quot;:&quot;classic&quot;}\">\n\t\t\t\t\t\t<div class=\"elementor-container elementor-column-gap-default\">\n\t\t\t\t\t\t\t\t<\/div>\n\t\t<\/section>\n\t\t\t\t<section class=\"elementor-section elementor-top-section elementor-element elementor-element-4d32360 elementor-section-boxed elementor-section-height-default elementor-section-height-default\" data-id=\"4d32360\" data-element_type=\"section\" data-settings=\"{&quot;background_background&quot;:&quot;gradient&quot;,&quot;shape_divider_top&quot;:&quot;multi-wave&quot;,&quot;shape_divider_bottom&quot;:&quot;multi-wave&quot;}\">\n\t\t\t\t\t\t\t<div class=\"elementor-background-overlay\"><\/div>\n\t\t\t\t\t\t\t<div class=\"elementor-container elementor-column-gap-default\">\n\t\t\t\t\t<div class=\"elementor-column elementor-col-100 elementor-top-column elementor-element elementor-element-3379cc9\" data-id=\"3379cc9\" data-element_type=\"column\">\n\t\t\t<div class=\"elementor-widget-wrap elementor-element-populated\">\n\t\t\t\t\t\t\t\t<div class=\"elementor-element elementor-element-f76aefe uael-aspect-ratio-16_9 elementor-widget elementor-widget-uael-video\" data-id=\"f76aefe\" data-element_type=\"widget\" data-widget_type=\"uael-video.default\">\n\t\t\t\t<div class=\"elementor-widget-container\">\n\t\t\t\t\t\t\t<div class=\"uael-video__outer-wrap  uael-video-type-youtube uael-video-play-lightbox\" data-device=\"false\" data-vsticky=\"no\" data-hidedesktop=\"\" data-hidetablet=\"\" data-hidemobile=\"\" data-vsticky-viewport=\"0\" data-elementor-open-lightbox=\"yes\" data-elementor-lightbox=\"{&quot;type&quot;:&quot;video&quot;,&quot;videoType&quot;:&quot;youtube&quot;,&quot;url&quot;:&quot;https:\\\/\\\/www.youtube.com\\\/embed\\\/CLrGTs6zg8A?rel=0&amp;start&amp;end&amp;controls=1&amp;mute=0&amp;modestbranding=0&amp;autoplay=1&quot;,&quot;modalOptions&quot;:{&quot;id&quot;:&quot;elementor-lightbox-f76aefe&quot;,&quot;entranceAnimation&quot;:&quot;&quot;,&quot;entranceAnimation_tablet&quot;:&quot;&quot;,&quot;entranceAnimation_mobile&quot;:&quot;&quot;,&quot;videoAspectRatio&quot;:&quot;169&quot;}}\">\r\n\t\t\t\t\t\t<div class=\"uael-video-inner-wrap\">\r\n\t\t\t\t<div class=\"uael-video__play\" data-src=\"https:\/\/www.youtube.com\/embed\/CLrGTs6zg8A?rel=0&amp;start&amp;end&amp;controls=1&amp;mute=0&amp;modestbranding=0&amp;autoplay=1\">\r\n\t\t\t\t\t<img decoding=\"async\" class=\"uael-video__thumb\" src=\"https:\/\/www.scealta.de\/wp-content\/uploads\/2021\/07\/pat_rocks_alone_scealta.jpg\" alt=\"pat_rocks_alone_scealta\"><\/img>\r\n\t\t\t\t\t<div class=\"uael-video__play-icon uael-animation-wobble-vertical\">\r\n\t\t\t\t\t\t<i aria-hidden=\"true\" class=\"fa fa-play-circle\"><\/i>\t\t\t\t\t<\/div>\r\n\t\t\t\t<\/div>\r\n\t\t\t\t\t\t\t\t\t\t\t<\/div>\r\n\t\t<\/div>\r\n\t\t\t\t\t<\/div>\n\t\t\t\t<\/div>\n\t\t\t\t\t<\/div>\n\t\t<\/div>\n\t\t\t\t\t\t\t<\/div>\n\t\t<\/section>\n\t\t\t\t\t\t\t<\/div>\n\t\t","protected":false},"excerpt":{"rendered":"<p>Patrizia Sieweck facebook website Geigerin des Meeres Geigerin Geschichtenerz\u00e4hlen Banjo Singen Patrizia Sieweck hat viele Jahre in Glandore, an der s\u00fcdwestlichen Atlantikk\u00fcste Irlands, gelebt und hat sich schon fr\u00fch der irischen Musik verschrieben. Die geb\u00fcrtige Deutsche war dort in ihrer Schulzeit Teil einer regen Segelszene und hat daher ein besonderes Interesse an Shanties und Seemannsliedern. &hellip;<\/p>\n<p class=\"read-more\"> <a class=\"\" href=\"https:\/\/www.scealta.de\/de\/patrizia-sieweck\/\"> <span class=\"screen-reader-text\">Patrizia Sieweck<\/span> Weiterlesen &raquo;<\/a><\/p>\n","protected":false},"author":1,"featured_media":0,"parent":0,"menu_order":0,"comment_status":"closed","ping_status":"closed","template":"","meta":{"inline_featured_image":false,"site-sidebar-layout":"no-sidebar","site-content-layout":"page-builder","ast-global-header-display":"","ast-banner-title-visibility":"","ast-main-header-display":"","ast-hfb-above-header-display":"","ast-hfb-below-header-display":"","ast-hfb-mobile-header-display":"","site-post-title":"disabled","ast-breadcrumbs-content":"","ast-featured-img":"disabled","footer-sml-layout":"","theme-transparent-header-meta":"default","adv-header-id-meta":"","stick-header-meta":"default","header-above-stick-meta":"","header-main-stick-meta":"","header-below-stick-meta":""},"yoast_head":"<!-- This site is optimized with the Yoast SEO plugin v20.11 - https:\/\/yoast.com\/wordpress\/plugins\/seo\/ -->\n<title>Patrizia Sieweck &raquo; Sc\u00e9alta<\/title>\n<meta name=\"robots\" content=\"index, follow, max-snippet:-1, max-image-preview:large, max-video-preview:-1\" \/>\n<link rel=\"canonical\" href=\"https:\/\/www.scealta.de\/patrizia-sieweck\/\" \/>\n<meta property=\"og:locale\" content=\"de_DE\" \/>\n<meta property=\"og:type\" content=\"article\" \/>\n<meta property=\"og:title\" content=\"Patrizia Sieweck &raquo; Sc\u00e9alta\" \/>\n<meta property=\"og:description\" content=\"Patrizia Sieweck facebook website Geigerin des Meeres Geigerin Geschichtenerz\u00e4hlen Banjo Singen Patrizia Sieweck hat viele Jahre in Glandore, an der s\u00fcdwestlichen Atlantikk\u00fcste Irlands, gelebt und hat sich schon fr\u00fch der irischen Musik verschrieben. Die geb\u00fcrtige Deutsche war dort in ihrer Schulzeit Teil einer regen Segelszene und hat daher ein besonderes Interesse an Shanties und Seemannsliedern. &hellip; Patrizia Sieweck Weiterlesen &raquo;\" \/>\n<meta property=\"og:url\" content=\"https:\/\/www.scealta.de\/patrizia-sieweck\/\" \/>\n<meta property=\"og:site_name\" content=\"Sc\u00e9alta\" \/>\n<meta property=\"article:modified_time\" content=\"2021-11-30T11:25:39+00:00\" \/>\n<meta property=\"og:image\" content=\"https:\/\/www.scealta.de\/wp-content\/uploads\/2021\/08\/scealta_fb_banner.jpg\" \/>\n\t<meta property=\"og:image:width\" content=\"820\" \/>\n\t<meta property=\"og:image:height\" content=\"360\" \/>\n\t<meta property=\"og:image:type\" content=\"image\/jpeg\" \/>\n<meta name=\"twitter:card\" content=\"summary_large_image\" \/>\n<meta name=\"twitter:label1\" content=\"Gesch\u00e4tzte Lesezeit\" \/>\n\t<meta name=\"twitter:data1\" content=\"1\u00a0Minute\" \/>\n<script type=\"application\/ld+json\" class=\"yoast-schema-graph\">{\"@context\":\"https:\/\/schema.org\",\"@graph\":[{\"@type\":\"WebPage\",\"@id\":\"https:\/\/www.scealta.de\/patrizia-sieweck\/\",\"url\":\"https:\/\/www.scealta.de\/patrizia-sieweck\/\",\"name\":\"Patrizia Sieweck &raquo; Sc\u00e9alta\",\"isPartOf\":{\"@id\":\"https:\/\/www.scealta.de\/#website\"},\"datePublished\":\"2021-08-05T10:04:29+00:00\",\"dateModified\":\"2021-11-30T11:25:39+00:00\",\"breadcrumb\":{\"@id\":\"https:\/\/www.scealta.de\/patrizia-sieweck\/#breadcrumb\"},\"inLanguage\":\"de\",\"potentialAction\":[{\"@type\":\"ReadAction\",\"target\":[\"https:\/\/www.scealta.de\/patrizia-sieweck\/\"]}]},{\"@type\":\"BreadcrumbList\",\"@id\":\"https:\/\/www.scealta.de\/patrizia-sieweck\/#breadcrumb\",\"itemListElement\":[{\"@type\":\"ListItem\",\"position\":1,\"name\":\"Home\",\"item\":\"https:\/\/www.scealta.de\/\"},{\"@type\":\"ListItem\",\"position\":2,\"name\":\"Patrizia Sieweck\"}]},{\"@type\":\"WebSite\",\"@id\":\"https:\/\/www.scealta.de\/#website\",\"url\":\"https:\/\/www.scealta.de\/\",\"name\":\"Sc\u00e9alta\",\"description\":\"Irland, Musik, Tanz, Geschichten\",\"publisher\":{\"@id\":\"https:\/\/www.scealta.de\/#organization\"},\"potentialAction\":[{\"@type\":\"SearchAction\",\"target\":{\"@type\":\"EntryPoint\",\"urlTemplate\":\"https:\/\/www.scealta.de\/?s={search_term_string}\"},\"query-input\":\"required name=search_term_string\"}],\"inLanguage\":\"de\"},{\"@type\":\"Organization\",\"@id\":\"https:\/\/www.scealta.de\/#organization\",\"name\":\"Sc\u00e9alta\",\"url\":\"https:\/\/www.scealta.de\/\",\"logo\":{\"@type\":\"ImageObject\",\"inLanguage\":\"de\",\"@id\":\"https:\/\/www.scealta.de\/#\/schema\/logo\/image\/\",\"url\":\"https:\/\/www.scealta.de\/wp-content\/uploads\/2021\/08\/scealta_logo.svg\",\"contentUrl\":\"https:\/\/www.scealta.de\/wp-content\/uploads\/2021\/08\/scealta_logo.svg\",\"width\":1,\"height\":1,\"caption\":\"Sc\u00e9alta\"},\"image\":{\"@id\":\"https:\/\/www.scealta.de\/#\/schema\/logo\/image\/\"}}]}<\/script>\n<!-- \/ Yoast SEO plugin. -->","yoast_head_json":{"title":"Patrizia Sieweck &raquo; Sc\u00e9alta","robots":{"index":"index","follow":"follow","max-snippet":"max-snippet:-1","max-image-preview":"max-image-preview:large","max-video-preview":"max-video-preview:-1"},"canonical":"https:\/\/www.scealta.de\/patrizia-sieweck\/","og_locale":"de_DE","og_type":"article","og_title":"Patrizia Sieweck &raquo; Sc\u00e9alta","og_description":"Patrizia Sieweck facebook website Geigerin des Meeres Geigerin Geschichtenerz\u00e4hlen Banjo Singen Patrizia Sieweck hat viele Jahre in Glandore, an der s\u00fcdwestlichen Atlantikk\u00fcste Irlands, gelebt und hat sich schon fr\u00fch der irischen Musik verschrieben. Die geb\u00fcrtige Deutsche war dort in ihrer Schulzeit Teil einer regen Segelszene und hat daher ein besonderes Interesse an Shanties und Seemannsliedern. &hellip; Patrizia Sieweck Weiterlesen &raquo;","og_url":"https:\/\/www.scealta.de\/patrizia-sieweck\/","og_site_name":"Sc\u00e9alta","article_modified_time":"2021-11-30T11:25:39+00:00","og_image":[{"width":820,"height":360,"url":"https:\/\/www.scealta.de\/wp-content\/uploads\/2021\/08\/scealta_fb_banner.jpg","type":"image\/jpeg"}],"twitter_card":"summary_large_image","twitter_misc":{"Gesch\u00e4tzte Lesezeit":"1\u00a0Minute"},"schema":{"@context":"https:\/\/schema.org","@graph":[{"@type":"WebPage","@id":"https:\/\/www.scealta.de\/patrizia-sieweck\/","url":"https:\/\/www.scealta.de\/patrizia-sieweck\/","name":"Patrizia Sieweck &raquo; Sc\u00e9alta","isPartOf":{"@id":"https:\/\/www.scealta.de\/#website"},"datePublished":"2021-08-05T10:04:29+00:00","dateModified":"2021-11-30T11:25:39+00:00","breadcrumb":{"@id":"https:\/\/www.scealta.de\/patrizia-sieweck\/#breadcrumb"},"inLanguage":"de","potentialAction":[{"@type":"ReadAction","target":["https:\/\/www.scealta.de\/patrizia-sieweck\/"]}]},{"@type":"BreadcrumbList","@id":"https:\/\/www.scealta.de\/patrizia-sieweck\/#breadcrumb","itemListElement":[{"@type":"ListItem","position":1,"name":"Home","item":"https:\/\/www.scealta.de\/"},{"@type":"ListItem","position":2,"name":"Patrizia Sieweck"}]},{"@type":"WebSite","@id":"https:\/\/www.scealta.de\/#website","url":"https:\/\/www.scealta.de\/","name":"Sc\u00e9alta","description":"Irland, Musik, Tanz, Geschichten","publisher":{"@id":"https:\/\/www.scealta.de\/#organization"},"potentialAction":[{"@type":"SearchAction","target":{"@type":"EntryPoint","urlTemplate":"https:\/\/www.scealta.de\/?s={search_term_string}"},"query-input":"required name=search_term_string"}],"inLanguage":"de"},{"@type":"Organization","@id":"https:\/\/www.scealta.de\/#organization","name":"Sc\u00e9alta","url":"https:\/\/www.scealta.de\/","logo":{"@type":"ImageObject","inLanguage":"de","@id":"https:\/\/www.scealta.de\/#\/schema\/logo\/image\/","url":"https:\/\/www.scealta.de\/wp-content\/uploads\/2021\/08\/scealta_logo.svg","contentUrl":"https:\/\/www.scealta.de\/wp-content\/uploads\/2021\/08\/scealta_logo.svg","width":1,"height":1,"caption":"Sc\u00e9alta"},"image":{"@id":"https:\/\/www.scealta.de\/#\/schema\/logo\/image\/"}}]}},"_links":{"self":[{"href":"https:\/\/www.scealta.de\/de\/wp-json\/wp\/v2\/pages\/2485"}],"collection":[{"href":"https:\/\/www.scealta.de\/de\/wp-json\/wp\/v2\/pages"}],"about":[{"href":"https:\/\/www.scealta.de\/de\/wp-json\/wp\/v2\/types\/page"}],"author":[{"embeddable":true,"href":"https:\/\/www.scealta.de\/de\/wp-json\/wp\/v2\/users\/1"}],"replies":[{"embeddable":true,"href":"https:\/\/www.scealta.de\/de\/wp-json\/wp\/v2\/comments?post=2485"}],"version-history":[{"count":5,"href":"https:\/\/www.scealta.de\/de\/wp-json\/wp\/v2\/pages\/2485\/revisions"}],"predecessor-version":[{"id":3310,"href":"https:\/\/www.scealta.de\/de\/wp-json\/wp\/v2\/pages\/2485\/revisions\/3310"}],"wp:attachment":[{"href":"https:\/\/www.scealta.de\/de\/wp-json\/wp\/v2\/media?parent=2485"}],"curies":[{"name":"wp","href":"https:\/\/api.w.org\/{rel}","templated":true}]}}